{"id":1445,"date":"2021-12-20T14:53:50","date_gmt":"2021-12-20T13:53:50","guid":{"rendered":"https:\/\/petervanstralen.nl\/tienda\/"},"modified":"2025-12-05T15:52:28","modified_gmt":"2025-12-05T14:52:28","slug":"tienda","status":"publish","type":"page","link":"https:\/\/petervanstralen.nl\/es\/tienda\/","title":{"rendered":"Tienda"},"content":{"rendered":"\n<p class=\"has-text-align-left wp-block-paragraph\"> <\/p>\n\n\n\n<h3 class=\"wp-block-heading\"><span style=\"text-decoration: underline\"><strong>Informaci\u00f3n general sobre la impresi\u00f3n:<\/strong><\/span><\/h3>\n\n\n\n<p class=\"wp-block-paragraph\">Impresi\u00f3n: papel Canson Infinty Baryta Photografique 310 grs.<\/p>\n\n\n\n<p class=\"wp-block-paragraph\">Paspart\u00fa: cart\u00f3n Moorman calidad de museo blanquecino<\/p>\n\n\n\n<p class=\"wp-block-paragraph\">Todas las fotos se imprimen en una edici\u00f3n limitada de s\u00f3lo 10 ejemplares, numerados y firmados.<\/p>\n\n\n\n<p class=\"wp-block-paragraph\">Un certificado de autenticidad se incluye.<\/p>\n\n\n\n<p class=\"wp-block-paragraph\"><\/p>\n\n\n\n<h4 class=\"wp-block-heading\"><strong style=\"text-decoration: underline\">Ejemplo foto 50 x 60 cm:<\/strong><\/h4>\n\n\n\n<p class=\"wp-block-paragraph\">Tama\u00f1o de la foto: A3 aprox (29,7 x 42,0 cm)<\/p>\n\n\n\n<p class=\"wp-block-paragraph\">Formato incluyendo paspart\u00fa: 50 x 60 cm<\/p>\n\n\n\n<p class=\"wp-block-paragraph\">Ejemplo foto 60 x 50 cm: (Diferencias de color reservadas)<\/p>\n\n\n\n<figure class=\"wp-block-image size-large is-style-default\"><img loading=\"lazy\" decoding=\"async\" width=\"1024\" height=\"852\" src=\"https:\/\/petervanstralen.nl\/wp-content\/uploads\/2015\/02\/Web-shop-5-1024x852.jpg\" alt=\" \" class=\"wp-image-68\" srcset=\"https:\/\/petervanstralen.nl\/wp-content\/uploads\/2015\/02\/Web-shop-5-1024x852.jpg 1024w, https:\/\/petervanstralen.nl\/wp-content\/uploads\/2015\/02\/Web-shop-5-300x250.jpg 300w, https:\/\/petervanstralen.nl\/wp-content\/uploads\/2015\/02\/Web-shop-5-768x639.jpg 768w, https:\/\/petervanstralen.nl\/wp-content\/uploads\/2015\/02\/Web-shop-5.jpg 1391w\" sizes=\"auto, (max-width: 1024px) 100vw, 1024px\" \/><\/figure>\n\n\n\n<h4 class=\"wp-block-heading\"><span style=\"text-decoration: underline\"><strong>Ejemplo foto 60 x 80 cm:<\/strong><\/span><\/h4>\n\n\n\n<p class=\"wp-block-paragraph\">Tama\u00f1o de la foto: aprox A2 (42 x 59,4 cm)<\/p>\n\n\n\n<p class=\"wp-block-paragraph\">Formato incluyendo paspart\u00fa: 60 x 80 cm<\/p>\n\n\n\n<p class=\"wp-block-paragraph\"><\/p>\n\n\n\n<p class=\"wp-block-paragraph\">Para cualquier pregunta, por favor, utilice <a href=\"https:\/\/petervanstralen.nl\/es\/contacto\/\">el formulario de Contacto<\/a> en este sitio web<\/p>\n","protected":false},"excerpt":{"rendered":"<p>Informaci\u00f3n general sobre la impresi\u00f3n: Impresi\u00f3n: papel Canson Infinty Baryta Photografique 310 grs. Paspart\u00fa: cart\u00f3n Moorman calidad de museo blanquecino Todas las fotos se imprimen en una edici\u00f3n limitada de s\u00f3lo 10 ejemplares, numerados y firmados. Un certificado de autenticidad se incluye. Ejemplo foto 50 x 60 cm: Tama\u00f1o de la foto: A3 aprox (29,7 x 42,0 cm) Formato incluyendo paspart\u00fa: 50 x 60 cm Ejemplo foto 60 x 50 cm: (Diferencias de color reservadas) Ejemplo foto 60 x 80 cm: Tama\u00f1o de la foto: aprox A2 (42 x 59,4 cm) Formato incluyendo paspart\u00fa: 60 x 80 cm Para cualquier pregunta, por favor, utilice el formulario de Contacto en este sitio web<\/p>\n","protected":false},"author":2,"featured_media":0,"parent":0,"menu_order":0,"comment_status":"closed","ping_status":"closed","template":"","meta":{"_crdt_document":"","_uag_custom_page_level_css":"","footnotes":""},"class_list":["post-1445","page","type-page","status-publish"],"yoast_head":"<!-- This site is optimized with the Yoast SEO plugin v27.3 - https:\/\/yoast.com\/product\/yoast-seo-wordpress\/ -->\n<title>Tienda - Peter van Stralen fotografie<\/title>\n<meta name=\"robots\" content=\"index, follow, max-snippet:-1, max-image-preview:large, max-video-preview:-1\" \/>\n<link rel=\"canonical\" href=\"https:\/\/petervanstralen.nl\/es\/tienda\/\" \/>\n<meta property=\"og:locale\" content=\"es_ES\" \/>\n<meta property=\"og:type\" content=\"article\" \/>\n<meta property=\"og:title\" content=\"Tienda - Peter van Stralen fotografie\" \/>\n<meta property=\"og:description\" content=\"Informaci\u00f3n general sobre la impresi\u00f3n: Impresi\u00f3n: papel Canson Infinty Baryta Photografique 310 grs. Paspart\u00fa: cart\u00f3n Moorman calidad de museo blanquecino Todas las fotos se imprimen en una edici\u00f3n limitada de s\u00f3lo 10 ejemplares, numerados y firmados. Un certificado de autenticidad se incluye. Ejemplo foto 50 x 60 cm: Tama\u00f1o de la foto: A3 aprox (29,7 x 42,0 cm) Formato incluyendo paspart\u00fa: 50 x 60 cm Ejemplo foto 60 x 50 cm: (Diferencias de color reservadas) Ejemplo foto 60 x 80 cm: Tama\u00f1o de la foto: aprox A2 (42 x 59,4 cm) Formato incluyendo paspart\u00fa: 60 x 80 cm Para cualquier pregunta, por favor, utilice el formulario de Contacto en este sitio web\" \/>\n<meta property=\"og:url\" content=\"https:\/\/petervanstralen.nl\/es\/tienda\/\" \/>\n<meta property=\"og:site_name\" content=\"Peter van Stralen fotografie\" \/>\n<meta property=\"article:modified_time\" content=\"2025-12-05T14:52:28+00:00\" \/>\n<meta property=\"og:image\" content=\"https:\/\/petervanstralen.nl\/wp-content\/uploads\/2015\/02\/Web-shop-5.jpg\" \/>\n\t<meta property=\"og:image:width\" content=\"1391\" \/>\n\t<meta property=\"og:image:height\" content=\"1157\" \/>\n\t<meta property=\"og:image:type\" content=\"image\/jpeg\" \/>\n<meta name=\"twitter:card\" content=\"summary_large_image\" \/>\n<meta name=\"twitter:label1\" content=\"Tiempo de lectura\" \/>\n\t<meta name=\"twitter:data1\" content=\"1 minuto\" \/>\n<script type=\"application\/ld+json\" class=\"yoast-schema-graph\">{\"@context\":\"https:\\\/\\\/schema.org\",\"@graph\":[{\"@type\":\"WebPage\",\"@id\":\"https:\\\/\\\/petervanstralen.nl\\\/es\\\/tienda\\\/\",\"url\":\"https:\\\/\\\/petervanstralen.nl\\\/es\\\/tienda\\\/\",\"name\":\"Tienda - Peter van Stralen fotografie\",\"isPartOf\":{\"@id\":\"https:\\\/\\\/petervanstralen.nl\\\/#website\"},\"primaryImageOfPage\":{\"@id\":\"https:\\\/\\\/petervanstralen.nl\\\/es\\\/tienda\\\/#primaryimage\"},\"image\":{\"@id\":\"https:\\\/\\\/petervanstralen.nl\\\/es\\\/tienda\\\/#primaryimage\"},\"thumbnailUrl\":\"https:\\\/\\\/petervanstralen.nl\\\/wp-content\\\/uploads\\\/2015\\\/02\\\/Web-shop-5-1024x852.jpg\",\"datePublished\":\"2021-12-20T13:53:50+00:00\",\"dateModified\":\"2025-12-05T14:52:28+00:00\",\"breadcrumb\":{\"@id\":\"https:\\\/\\\/petervanstralen.nl\\\/es\\\/tienda\\\/#breadcrumb\"},\"inLanguage\":\"es\",\"potentialAction\":[{\"@type\":\"ReadAction\",\"target\":[\"https:\\\/\\\/petervanstralen.nl\\\/es\\\/tienda\\\/\"]}]},{\"@type\":\"ImageObject\",\"inLanguage\":\"es\",\"@id\":\"https:\\\/\\\/petervanstralen.nl\\\/es\\\/tienda\\\/#primaryimage\",\"url\":\"https:\\\/\\\/petervanstralen.nl\\\/wp-content\\\/uploads\\\/2015\\\/02\\\/Web-shop-5-1024x852.jpg\",\"contentUrl\":\"https:\\\/\\\/petervanstralen.nl\\\/wp-content\\\/uploads\\\/2015\\\/02\\\/Web-shop-5-1024x852.jpg\"},{\"@type\":\"BreadcrumbList\",\"@id\":\"https:\\\/\\\/petervanstralen.nl\\\/es\\\/tienda\\\/#breadcrumb\",\"itemListElement\":[{\"@type\":\"ListItem\",\"position\":1,\"name\":\"Home\",\"item\":\"https:\\\/\\\/petervanstralen.nl\\\/es\\\/\"},{\"@type\":\"ListItem\",\"position\":2,\"name\":\"Tienda\"}]},{\"@type\":\"WebSite\",\"@id\":\"https:\\\/\\\/petervanstralen.nl\\\/#website\",\"url\":\"https:\\\/\\\/petervanstralen.nl\\\/\",\"name\":\"Peter van Stralen fotografie\",\"description\":\"Fine art nude photography\",\"publisher\":{\"@id\":\"https:\\\/\\\/petervanstralen.nl\\\/#organization\"},\"potentialAction\":[{\"@type\":\"SearchAction\",\"target\":{\"@type\":\"EntryPoint\",\"urlTemplate\":\"https:\\\/\\\/petervanstralen.nl\\\/?s={search_term_string}\"},\"query-input\":{\"@type\":\"PropertyValueSpecification\",\"valueRequired\":true,\"valueName\":\"search_term_string\"}}],\"inLanguage\":\"es\"},{\"@type\":\"Organization\",\"@id\":\"https:\\\/\\\/petervanstralen.nl\\\/#organization\",\"name\":\"Peter van Stralen fotografie\",\"url\":\"https:\\\/\\\/petervanstralen.nl\\\/\",\"logo\":{\"@type\":\"ImageObject\",\"inLanguage\":\"es\",\"@id\":\"https:\\\/\\\/petervanstralen.nl\\\/#\\\/schema\\\/logo\\\/image\\\/\",\"url\":\"https:\\\/\\\/petervanstralen.nl\\\/wp-content\\\/uploads\\\/2020\\\/09\\\/koptekst.jpg\",\"contentUrl\":\"https:\\\/\\\/petervanstralen.nl\\\/wp-content\\\/uploads\\\/2020\\\/09\\\/koptekst.jpg\",\"width\":1247,\"height\":216,\"caption\":\"Peter van Stralen fotografie\"},\"image\":{\"@id\":\"https:\\\/\\\/petervanstralen.nl\\\/#\\\/schema\\\/logo\\\/image\\\/\"}}]}<\/script>\n<!-- \/ Yoast SEO plugin. -->","yoast_head_json":{"title":"Tienda - Peter van Stralen fotografie","robots":{"index":"index","follow":"follow","max-snippet":"max-snippet:-1","max-image-preview":"max-image-preview:large","max-video-preview":"max-video-preview:-1"},"canonical":"https:\/\/petervanstralen.nl\/es\/tienda\/","og_locale":"es_ES","og_type":"article","og_title":"Tienda - Peter van Stralen fotografie","og_description":"Informaci\u00f3n general sobre la impresi\u00f3n: Impresi\u00f3n: papel Canson Infinty Baryta Photografique 310 grs. Paspart\u00fa: cart\u00f3n Moorman calidad de museo blanquecino Todas las fotos se imprimen en una edici\u00f3n limitada de s\u00f3lo 10 ejemplares, numerados y firmados. Un certificado de autenticidad se incluye. Ejemplo foto 50 x 60 cm: Tama\u00f1o de la foto: A3 aprox (29,7 x 42,0 cm) Formato incluyendo paspart\u00fa: 50 x 60 cm Ejemplo foto 60 x 50 cm: (Diferencias de color reservadas) Ejemplo foto 60 x 80 cm: Tama\u00f1o de la foto: aprox A2 (42 x 59,4 cm) Formato incluyendo paspart\u00fa: 60 x 80 cm Para cualquier pregunta, por favor, utilice el formulario de Contacto en este sitio web","og_url":"https:\/\/petervanstralen.nl\/es\/tienda\/","og_site_name":"Peter van Stralen fotografie","article_modified_time":"2025-12-05T14:52:28+00:00","og_image":[{"width":1391,"height":1157,"url":"https:\/\/petervanstralen.nl\/wp-content\/uploads\/2015\/02\/Web-shop-5.jpg","type":"image\/jpeg"}],"twitter_card":"summary_large_image","twitter_misc":{"Tiempo de lectura":"1 minuto"},"schema":{"@context":"https:\/\/schema.org","@graph":[{"@type":"WebPage","@id":"https:\/\/petervanstralen.nl\/es\/tienda\/","url":"https:\/\/petervanstralen.nl\/es\/tienda\/","name":"Tienda - Peter van Stralen fotografie","isPartOf":{"@id":"https:\/\/petervanstralen.nl\/#website"},"primaryImageOfPage":{"@id":"https:\/\/petervanstralen.nl\/es\/tienda\/#primaryimage"},"image":{"@id":"https:\/\/petervanstralen.nl\/es\/tienda\/#primaryimage"},"thumbnailUrl":"https:\/\/petervanstralen.nl\/wp-content\/uploads\/2015\/02\/Web-shop-5-1024x852.jpg","datePublished":"2021-12-20T13:53:50+00:00","dateModified":"2025-12-05T14:52:28+00:00","breadcrumb":{"@id":"https:\/\/petervanstralen.nl\/es\/tienda\/#breadcrumb"},"inLanguage":"es","potentialAction":[{"@type":"ReadAction","target":["https:\/\/petervanstralen.nl\/es\/tienda\/"]}]},{"@type":"ImageObject","inLanguage":"es","@id":"https:\/\/petervanstralen.nl\/es\/tienda\/#primaryimage","url":"https:\/\/petervanstralen.nl\/wp-content\/uploads\/2015\/02\/Web-shop-5-1024x852.jpg","contentUrl":"https:\/\/petervanstralen.nl\/wp-content\/uploads\/2015\/02\/Web-shop-5-1024x852.jpg"},{"@type":"BreadcrumbList","@id":"https:\/\/petervanstralen.nl\/es\/tienda\/#breadcrumb","itemListElement":[{"@type":"ListItem","position":1,"name":"Home","item":"https:\/\/petervanstralen.nl\/es\/"},{"@type":"ListItem","position":2,"name":"Tienda"}]},{"@type":"WebSite","@id":"https:\/\/petervanstralen.nl\/#website","url":"https:\/\/petervanstralen.nl\/","name":"Peter van Stralen fotografie","description":"Fine art nude photography","publisher":{"@id":"https:\/\/petervanstralen.nl\/#organization"},"potentialAction":[{"@type":"SearchAction","target":{"@type":"EntryPoint","urlTemplate":"https:\/\/petervanstralen.nl\/?s={search_term_string}"},"query-input":{"@type":"PropertyValueSpecification","valueRequired":true,"valueName":"search_term_string"}}],"inLanguage":"es"},{"@type":"Organization","@id":"https:\/\/petervanstralen.nl\/#organization","name":"Peter van Stralen fotografie","url":"https:\/\/petervanstralen.nl\/","logo":{"@type":"ImageObject","inLanguage":"es","@id":"https:\/\/petervanstralen.nl\/#\/schema\/logo\/image\/","url":"https:\/\/petervanstralen.nl\/wp-content\/uploads\/2020\/09\/koptekst.jpg","contentUrl":"https:\/\/petervanstralen.nl\/wp-content\/uploads\/2020\/09\/koptekst.jpg","width":1247,"height":216,"caption":"Peter van Stralen fotografie"},"image":{"@id":"https:\/\/petervanstralen.nl\/#\/schema\/logo\/image\/"}}]}},"uagb_featured_image_src":{"full":false,"thumbnail":false,"medium":false,"medium_large":false,"large":false,"1536x1536":false,"2048x2048":false},"uagb_author_info":{"display_name":"peter","author_link":"https:\/\/petervanstralen.nl\/es\/author\/peter\/"},"uagb_comment_info":0,"uagb_excerpt":"Informaci\u00f3n general sobre la impresi\u00f3n: Impresi\u00f3n: papel Canson Infinty Baryta Photografique 310 grs. Paspart\u00fa: cart\u00f3n Moorman calidad de museo blanquecino Todas las fotos se imprimen en una edici\u00f3n limitada de s\u00f3lo 10 ejemplares, numerados y firmados. Un certificado de autenticidad se incluye. Ejemplo foto 50 x 60 cm: Tama\u00f1o de la foto: A3 aprox (29,7&hellip;","_links":{"self":[{"href":"https:\/\/petervanstralen.nl\/es\/wp-json\/wp\/v2\/pages\/1445","targetHints":{"allow":["GET"]}}],"collection":[{"href":"https:\/\/petervanstralen.nl\/es\/wp-json\/wp\/v2\/pages"}],"about":[{"href":"https:\/\/petervanstralen.nl\/es\/wp-json\/wp\/v2\/types\/page"}],"author":[{"embeddable":true,"href":"https:\/\/petervanstralen.nl\/es\/wp-json\/wp\/v2\/users\/2"}],"replies":[{"embeddable":true,"href":"https:\/\/petervanstralen.nl\/es\/wp-json\/wp\/v2\/comments?post=1445"}],"version-history":[{"count":2,"href":"https:\/\/petervanstralen.nl\/es\/wp-json\/wp\/v2\/pages\/1445\/revisions"}],"predecessor-version":[{"id":2507,"href":"https:\/\/petervanstralen.nl\/es\/wp-json\/wp\/v2\/pages\/1445\/revisions\/2507"}],"wp:attachment":[{"href":"https:\/\/petervanstralen.nl\/es\/wp-json\/wp\/v2\/media?parent=1445"}],"curies":[{"name":"wp","href":"https:\/\/api.w.org\/{rel}","templated":true}]}}