{"id":1429,"date":"2021-12-20T14:33:47","date_gmt":"2021-12-20T13:33:47","guid":{"rendered":"https:\/\/petervanstralen.nl\/contacto\/"},"modified":"2025-11-24T15:56:38","modified_gmt":"2025-11-24T14:56:38","slug":"contacto","status":"publish","type":"page","link":"https:\/\/petervanstralen.nl\/es\/contacto\/","title":{"rendered":"Contacto"},"content":{"rendered":"\n<h2 class=\"wp-block-heading\">Imagines<\/h2>\n\n\n\n<p class=\"wp-block-paragraph\">Las im\u00e1genes se imprimen con una impresora Epson SC-p800 en papel Canson Infinity Photographique Baryta 310 gramos y se contienen en un cart\u00f3n de cart\u00f3n de museo libre de \u00e1cido de Moorman, de 50 x 60 cm, resp. 60 x 80 cm. Se imprimen en una edici\u00f3n limitada de solo diez copias por archivo digital y est\u00e1n numeradas y firmadas en la parte posterior. Cada impresi\u00f3n viene con un certificado de autenticidad. Para obtener m\u00e1s informaci\u00f3n sobre los \u00e1lbumes de fotos y \/ o estas impresiones, comun\u00edquese conmigo. (No NFT):<\/p>\n\n\n\n<p class=\"wp-block-paragraph\"><\/p>\n\n\n\n<div class=\"wpcf7 no-js\" id=\"wpcf7-f38-o1\" lang=\"nl-NL\" dir=\"ltr\" data-wpcf7-id=\"38\">\n<div class=\"screen-reader-response\"><p role=\"status\" aria-live=\"polite\" aria-atomic=\"true\"><\/p> <ul><\/ul><\/div>\n<form action=\"\/es\/wp-json\/wp\/v2\/pages\/1429#wpcf7-f38-o1\" method=\"post\" class=\"wpcf7-form init\" aria-label=\"Contactformulier\" novalidate=\"novalidate\" data-status=\"init\">\n<fieldset class=\"hidden-fields-container\"><input type=\"hidden\" name=\"_wpcf7\" value=\"38\" \/><input type=\"hidden\" name=\"_wpcf7_version\" value=\"6.1.5\" \/><input type=\"hidden\" name=\"_wpcf7_locale\" value=\"nl_NL\" \/><input type=\"hidden\" name=\"_wpcf7_unit_tag\" value=\"wpcf7-f38-o1\" \/><input type=\"hidden\" name=\"_wpcf7_container_post\" value=\"0\" \/><input type=\"hidden\" name=\"_wpcf7_posted_data_hash\" value=\"\" \/>\n<\/fieldset>\n<p>Uw naam (verplicht)\n<\/p>\n<p><span class=\"wpcf7-form-control-wrap\" data-name=\"your-name\"><input size=\"40\" maxlength=\"400\" class=\"wpcf7-form-control wpcf7-text wpcf7-validates-as-required\" aria-required=\"true\" aria-invalid=\"false\" value=\"\" type=\"text\" name=\"your-name\" \/><\/span>\n<\/p>\n<p>Uw email (verplicht)\n<\/p>\n<p><span class=\"wpcf7-form-control-wrap\" data-name=\"your-email\"><input size=\"40\" maxlength=\"400\" class=\"wpcf7-form-control wpcf7-email wpcf7-validates-as-required wpcf7-text wpcf7-validates-as-email\" aria-required=\"true\" aria-invalid=\"false\" value=\"\" type=\"email\" name=\"your-email\" \/><\/span>\n<\/p>\n<p>Onderwerp\n<\/p>\n<p><span class=\"wpcf7-form-control-wrap\" data-name=\"your-subject\"><input size=\"40\" maxlength=\"400\" class=\"wpcf7-form-control wpcf7-text\" aria-invalid=\"false\" value=\"\" type=\"text\" name=\"your-subject\" \/><\/span>\n<\/p>\n<p>Uw bericht\n<\/p>\n<p><span class=\"wpcf7-form-control-wrap\" data-name=\"your-message\"><textarea cols=\"40\" rows=\"10\" maxlength=\"2000\" class=\"wpcf7-form-control wpcf7-textarea\" aria-invalid=\"false\" name=\"your-message\"><\/textarea><\/span>\n<\/p>\n<p><input class=\"wpcf7-form-control wpcf7-submit has-spinner\" type=\"submit\" value=\"Verzenden\" \/>\n<\/p><input type=\"hidden\" id=\"ct_checkjs_cf7_f5deaeeae1538fb6c45901d524ee2f98\" name=\"ct_checkjs_cf7\" value=\"0\" \/><script >setTimeout(function(){var ct_input_name = \"ct_checkjs_cf7_f5deaeeae1538fb6c45901d524ee2f98\";if (document.getElementById(ct_input_name) !== null) {var ct_input_value = document.getElementById(ct_input_name).value;document.getElementById(ct_input_name).value = document.getElementById(ct_input_name).value.replace(ct_input_value, '60729538a7450d583fc6bd9fda699844e2479fce1c0e2f43bf91b8ce97d3f2fa');}}, 1000);<\/script><input\n                    class=\"apbct_special_field apbct_email_id__wp_contact_form_7\"\n                    name=\"apbct__email_id__wp_contact_form_7\"\n                    aria-label=\"apbct__label_id__wp_contact_form_7\"\n                    type=\"text\" size=\"30\" maxlength=\"200\" autocomplete=\"off\"\n                    value=\"\"\n                \/><div class=\"wpcf7-response-output\" aria-hidden=\"true\"><\/div>\n<\/form>\n<\/div>\n\n\n\n\n<p class=\"wp-block-paragraph\"><\/p>\n","protected":false},"excerpt":{"rendered":"<p>Imagines Las im\u00e1genes se imprimen con una impresora Epson SC-p800 en papel Canson Infinity Photographique Baryta 310 gramos y se contienen en un cart\u00f3n de cart\u00f3n de museo libre de \u00e1cido de Moorman, de 50 x 60 cm, resp. 60 x 80 cm. Se imprimen en una edici\u00f3n limitada de solo diez copias por archivo digital y est\u00e1n numeradas y firmadas en la parte posterior. Cada impresi\u00f3n viene con un certificado de autenticidad. Para obtener m\u00e1s informaci\u00f3n sobre los \u00e1lbumes de fotos y \/ o estas impresiones, comun\u00edquese conmigo. (No NFT):<\/p>\n","protected":false},"author":2,"featured_media":0,"parent":0,"menu_order":0,"comment_status":"closed","ping_status":"closed","template":"","meta":{"_crdt_document":"","_uag_custom_page_level_css":"","footnotes":""},"class_list":["post-1429","page","type-page","status-publish"],"yoast_head":"<!-- This site is optimized with the Yoast SEO plugin v27.3 - https:\/\/yoast.com\/product\/yoast-seo-wordpress\/ -->\n<title>Contacto - Peter van Stralen fotografie<\/title>\n<meta name=\"robots\" content=\"index, follow, max-snippet:-1, max-image-preview:large, max-video-preview:-1\" \/>\n<link rel=\"canonical\" href=\"https:\/\/petervanstralen.nl\/es\/contacto\/\" \/>\n<meta property=\"og:locale\" content=\"es_ES\" \/>\n<meta property=\"og:type\" content=\"article\" \/>\n<meta property=\"og:title\" content=\"Contacto - Peter van Stralen fotografie\" \/>\n<meta property=\"og:description\" content=\"Imagines Las im\u00e1genes se imprimen con una impresora Epson SC-p800 en papel Canson Infinity Photographique Baryta 310 gramos y se contienen en un cart\u00f3n de cart\u00f3n de museo libre de \u00e1cido de Moorman, de 50 x 60 cm, resp. 60 x 80 cm. Se imprimen en una edici\u00f3n limitada de solo diez copias por archivo digital y est\u00e1n numeradas y firmadas en la parte posterior. Cada impresi\u00f3n viene con un certificado de autenticidad. Para obtener m\u00e1s informaci\u00f3n sobre los \u00e1lbumes de fotos y \/ o estas impresiones, comun\u00edquese conmigo. (No NFT):\" \/>\n<meta property=\"og:url\" content=\"https:\/\/petervanstralen.nl\/es\/contacto\/\" \/>\n<meta property=\"og:site_name\" content=\"Peter van Stralen fotografie\" \/>\n<meta property=\"article:modified_time\" content=\"2025-11-24T14:56:38+00:00\" \/>\n<meta name=\"twitter:card\" content=\"summary_large_image\" \/>\n<script type=\"application\/ld+json\" class=\"yoast-schema-graph\">{\"@context\":\"https:\\\/\\\/schema.org\",\"@graph\":[{\"@type\":\"WebPage\",\"@id\":\"https:\\\/\\\/petervanstralen.nl\\\/es\\\/contacto\\\/\",\"url\":\"https:\\\/\\\/petervanstralen.nl\\\/es\\\/contacto\\\/\",\"name\":\"Contacto - Peter van Stralen fotografie\",\"isPartOf\":{\"@id\":\"https:\\\/\\\/petervanstralen.nl\\\/#website\"},\"datePublished\":\"2021-12-20T13:33:47+00:00\",\"dateModified\":\"2025-11-24T14:56:38+00:00\",\"breadcrumb\":{\"@id\":\"https:\\\/\\\/petervanstralen.nl\\\/es\\\/contacto\\\/#breadcrumb\"},\"inLanguage\":\"es\",\"potentialAction\":[{\"@type\":\"ReadAction\",\"target\":[\"https:\\\/\\\/petervanstralen.nl\\\/es\\\/contacto\\\/\"]}]},{\"@type\":\"BreadcrumbList\",\"@id\":\"https:\\\/\\\/petervanstralen.nl\\\/es\\\/contacto\\\/#breadcrumb\",\"itemListElement\":[{\"@type\":\"ListItem\",\"position\":1,\"name\":\"Home\",\"item\":\"https:\\\/\\\/petervanstralen.nl\\\/es\\\/\"},{\"@type\":\"ListItem\",\"position\":2,\"name\":\"Contacto\"}]},{\"@type\":\"WebSite\",\"@id\":\"https:\\\/\\\/petervanstralen.nl\\\/#website\",\"url\":\"https:\\\/\\\/petervanstralen.nl\\\/\",\"name\":\"Peter van Stralen fotografie\",\"description\":\"Fine art nude photography\",\"publisher\":{\"@id\":\"https:\\\/\\\/petervanstralen.nl\\\/#organization\"},\"potentialAction\":[{\"@type\":\"SearchAction\",\"target\":{\"@type\":\"EntryPoint\",\"urlTemplate\":\"https:\\\/\\\/petervanstralen.nl\\\/?s={search_term_string}\"},\"query-input\":{\"@type\":\"PropertyValueSpecification\",\"valueRequired\":true,\"valueName\":\"search_term_string\"}}],\"inLanguage\":\"es\"},{\"@type\":\"Organization\",\"@id\":\"https:\\\/\\\/petervanstralen.nl\\\/#organization\",\"name\":\"Peter van Stralen fotografie\",\"url\":\"https:\\\/\\\/petervanstralen.nl\\\/\",\"logo\":{\"@type\":\"ImageObject\",\"inLanguage\":\"es\",\"@id\":\"https:\\\/\\\/petervanstralen.nl\\\/#\\\/schema\\\/logo\\\/image\\\/\",\"url\":\"https:\\\/\\\/petervanstralen.nl\\\/wp-content\\\/uploads\\\/2020\\\/09\\\/koptekst.jpg\",\"contentUrl\":\"https:\\\/\\\/petervanstralen.nl\\\/wp-content\\\/uploads\\\/2020\\\/09\\\/koptekst.jpg\",\"width\":1247,\"height\":216,\"caption\":\"Peter van Stralen fotografie\"},\"image\":{\"@id\":\"https:\\\/\\\/petervanstralen.nl\\\/#\\\/schema\\\/logo\\\/image\\\/\"}}]}<\/script>\n<!-- \/ Yoast SEO plugin. -->","yoast_head_json":{"title":"Contacto - Peter van Stralen fotografie","robots":{"index":"index","follow":"follow","max-snippet":"max-snippet:-1","max-image-preview":"max-image-preview:large","max-video-preview":"max-video-preview:-1"},"canonical":"https:\/\/petervanstralen.nl\/es\/contacto\/","og_locale":"es_ES","og_type":"article","og_title":"Contacto - Peter van Stralen fotografie","og_description":"Imagines Las im\u00e1genes se imprimen con una impresora Epson SC-p800 en papel Canson Infinity Photographique Baryta 310 gramos y se contienen en un cart\u00f3n de cart\u00f3n de museo libre de \u00e1cido de Moorman, de 50 x 60 cm, resp. 60 x 80 cm. Se imprimen en una edici\u00f3n limitada de solo diez copias por archivo digital y est\u00e1n numeradas y firmadas en la parte posterior. Cada impresi\u00f3n viene con un certificado de autenticidad. Para obtener m\u00e1s informaci\u00f3n sobre los \u00e1lbumes de fotos y \/ o estas impresiones, comun\u00edquese conmigo. (No NFT):","og_url":"https:\/\/petervanstralen.nl\/es\/contacto\/","og_site_name":"Peter van Stralen fotografie","article_modified_time":"2025-11-24T14:56:38+00:00","twitter_card":"summary_large_image","schema":{"@context":"https:\/\/schema.org","@graph":[{"@type":"WebPage","@id":"https:\/\/petervanstralen.nl\/es\/contacto\/","url":"https:\/\/petervanstralen.nl\/es\/contacto\/","name":"Contacto - Peter van Stralen fotografie","isPartOf":{"@id":"https:\/\/petervanstralen.nl\/#website"},"datePublished":"2021-12-20T13:33:47+00:00","dateModified":"2025-11-24T14:56:38+00:00","breadcrumb":{"@id":"https:\/\/petervanstralen.nl\/es\/contacto\/#breadcrumb"},"inLanguage":"es","potentialAction":[{"@type":"ReadAction","target":["https:\/\/petervanstralen.nl\/es\/contacto\/"]}]},{"@type":"BreadcrumbList","@id":"https:\/\/petervanstralen.nl\/es\/contacto\/#breadcrumb","itemListElement":[{"@type":"ListItem","position":1,"name":"Home","item":"https:\/\/petervanstralen.nl\/es\/"},{"@type":"ListItem","position":2,"name":"Contacto"}]},{"@type":"WebSite","@id":"https:\/\/petervanstralen.nl\/#website","url":"https:\/\/petervanstralen.nl\/","name":"Peter van Stralen fotografie","description":"Fine art nude photography","publisher":{"@id":"https:\/\/petervanstralen.nl\/#organization"},"potentialAction":[{"@type":"SearchAction","target":{"@type":"EntryPoint","urlTemplate":"https:\/\/petervanstralen.nl\/?s={search_term_string}"},"query-input":{"@type":"PropertyValueSpecification","valueRequired":true,"valueName":"search_term_string"}}],"inLanguage":"es"},{"@type":"Organization","@id":"https:\/\/petervanstralen.nl\/#organization","name":"Peter van Stralen fotografie","url":"https:\/\/petervanstralen.nl\/","logo":{"@type":"ImageObject","inLanguage":"es","@id":"https:\/\/petervanstralen.nl\/#\/schema\/logo\/image\/","url":"https:\/\/petervanstralen.nl\/wp-content\/uploads\/2020\/09\/koptekst.jpg","contentUrl":"https:\/\/petervanstralen.nl\/wp-content\/uploads\/2020\/09\/koptekst.jpg","width":1247,"height":216,"caption":"Peter van Stralen fotografie"},"image":{"@id":"https:\/\/petervanstralen.nl\/#\/schema\/logo\/image\/"}}]}},"uagb_featured_image_src":{"full":false,"thumbnail":false,"medium":false,"medium_large":false,"large":false,"1536x1536":false,"2048x2048":false},"uagb_author_info":{"display_name":"peter","author_link":"https:\/\/petervanstralen.nl\/es\/author\/peter\/"},"uagb_comment_info":0,"uagb_excerpt":"Imagines Las im\u00e1genes se imprimen con una impresora Epson SC-p800 en papel Canson Infinity Photographique Baryta 310 gramos y se contienen en un cart\u00f3n de cart\u00f3n de museo libre de \u00e1cido de Moorman, de 50 x 60 cm, resp. 60 x 80 cm. Se imprimen en una edici\u00f3n limitada de solo diez copias por archivo&hellip;","_links":{"self":[{"href":"https:\/\/petervanstralen.nl\/es\/wp-json\/wp\/v2\/pages\/1429","targetHints":{"allow":["GET"]}}],"collection":[{"href":"https:\/\/petervanstralen.nl\/es\/wp-json\/wp\/v2\/pages"}],"about":[{"href":"https:\/\/petervanstralen.nl\/es\/wp-json\/wp\/v2\/types\/page"}],"author":[{"embeddable":true,"href":"https:\/\/petervanstralen.nl\/es\/wp-json\/wp\/v2\/users\/2"}],"replies":[{"embeddable":true,"href":"https:\/\/petervanstralen.nl\/es\/wp-json\/wp\/v2\/comments?post=1429"}],"version-history":[{"count":4,"href":"https:\/\/petervanstralen.nl\/es\/wp-json\/wp\/v2\/pages\/1429\/revisions"}],"predecessor-version":[{"id":2458,"href":"https:\/\/petervanstralen.nl\/es\/wp-json\/wp\/v2\/pages\/1429\/revisions\/2458"}],"wp:attachment":[{"href":"https:\/\/petervanstralen.nl\/es\/wp-json\/wp\/v2\/media?parent=1429"}],"curies":[{"name":"wp","href":"https:\/\/api.w.org\/{rel}","templated":true}]}}