{"id":1415,"date":"2021-12-17T16:58:46","date_gmt":"2021-12-17T15:58:46","guid":{"rendered":"https:\/\/petervanstralen.nl\/biografia\/"},"modified":"2021-12-17T16:59:54","modified_gmt":"2021-12-17T15:59:54","slug":"biografia","status":"publish","type":"page","link":"https:\/\/petervanstralen.nl\/es\/biografia\/","title":{"rendered":"Biografia"},"content":{"rendered":"\n<p class=\"wp-block-paragraph\">Peter van Stralen estudi\u00f3 para ser dise\u00f1ador gr\u00e1fico en la Academy of Arts en Arnhem, Pa\u00edses Bajos. Durante sus estudios, despert\u00f3 su inter\u00e9s por la fotogaf\u00eda.Desde entonces ha estado trabajando como artista aut\u00f3nomo\/ fot\u00f3grafo, focalizando sus actividades no comerciales principalmente en fotograf\u00eda escenificada en blanco y negro.Adem\u00e1s, Peter es tambi\u00e9n un fot\u00f3grafo activo en el campo del arte y la cultura en general.<\/p>\n\n\n\n<hr class=\"wp-block-separator has-text-color has-background has-accent-background-color has-accent-color is-style-wide\"\/>\n\n\n\n<h2 class=\"wp-block-heading\">Motivaci\u00f3n y Estilo<\/h2>\n\n\n\n<p class=\"wp-block-paragraph\">Peter se describe como un \u201cescultor en dos dimensiones\u201d que trabaja entre los campos de la fotograf\u00eda y el arte.&nbsp;\u00c9l tiene una gran admiraci\u00f3n hacia las bailarinas, por ser capaces de combinar poder y gracia de una forma muy natural. Su estilo est\u00e1 fuertemente influenciado por su pasado como dise\u00f1ador gr\u00e1fico: es simple y directo. Por ese motivo, ha jugado con el cuerpo femenino de una manera sencilla: para \u00e9l, a menudo \u201cmenos\u201d significa \u201cm\u00e1s\u201d. En este sentido, se le puede considerar minimalista. Tanto la forma como la composici\u00f3n juegan un papel importante en sus trabajos, y dado que (en su opini\u00f3n) el color a menudo distrae de la esencia de la imagen, prefiere utilizar materiales en blanco y negro. Con el fin de evitar influencias de las modas o contempor\u00e1neas, Peter ha creado sus im\u00e1genes&nbsp; deliberadamente en un entorno pr\u00e1cticamente atemporal y sin l\u00edmites de espacio. Es m\u00e1s, ya que las bailarinas act\u00faan como interpretes, tambi\u00e9n ha intentado evitar cualquier identificaci\u00f3n de la persona detr\u00e1s de la figura de la fotograf\u00eda, focalizando as\u00ed la atenci\u00f3n del espectador en la forma de la imagen.<\/p>\n\n\n\n<p class=\"wp-block-paragraph\">En esta serie \u201cODD BODIES\u201d enfatiza el tema de la alienaci\u00f3n al fotografiar el cuerpo femenino desde una perspectiva diferente, en la que las mujeres ya no son solo familiares y sensuales, sino tambi\u00e9n agradablemente extra\u00f1as y fascinantemente diversas. Trata de mostrar el cuerpo femenino de tal manera que uno vuelve a preguntarse sobre formas aparentemente ordinarias. Por eso, esta serie de fotos es un reflejo de su admiraci\u00f3n por estas mujeres.<\/p>\n\n\n\n<hr class=\"wp-block-separator has-text-color has-background has-accent-background-color has-accent-color is-style-wide\"\/>\n\n\n\n<h2 class=\"wp-block-heading\">Datos t\u00e9cnicos<\/h2>\n\n\n\n<p class=\"wp-block-paragraph\">\u00c9l trabaja con una c\u00e1mara DSLR Nikon D3x, una lente de zoom 24 -70mm 1:2.8 G ED Nikkor y una lente 85mm 1: 1.4 G Nikkor.<br>Equipo de estudio: unidades de flash Bowens Esprit 1000.<br>Impresor: Epson Sure Color p800 A2<\/p>\n\n\n\n<p class=\"wp-block-paragraph\">(Traducci\u00f3n: Gl\u00f2ria Ros Abellana)<\/p>\n","protected":false},"excerpt":{"rendered":"<p>Peter van Stralen estudi\u00f3 para ser dise\u00f1ador gr\u00e1fico en la Academy of Arts en Arnhem, Pa\u00edses Bajos. Durante sus estudios, despert\u00f3 su inter\u00e9s por la fotogaf\u00eda.Desde entonces ha estado trabajando como artista aut\u00f3nomo\/ fot\u00f3grafo, focalizando sus actividades no comerciales principalmente en fotograf\u00eda escenificada en blanco y negro.Adem\u00e1s, Peter es tambi\u00e9n un fot\u00f3grafo activo en el campo del arte y la cultura en general. Motivaci\u00f3n y Estilo Peter se describe como un \u201cescultor en dos dimensiones\u201d que trabaja entre los campos de la fotograf\u00eda y el arte.&nbsp;\u00c9l tiene una gran admiraci\u00f3n hacia las bailarinas, por ser capaces de combinar poder y gracia de una forma muy natural. Su estilo est\u00e1 fuertemente influenciado por su pasado como dise\u00f1ador gr\u00e1fico: es simple y directo. Por ese motivo, ha jugado con el cuerpo femenino de una manera sencilla: para \u00e9l, a menudo \u201cmenos\u201d significa \u201cm\u00e1s\u201d. En este sentido, se le puede considerar minimalista. Tanto la forma como la composici\u00f3n juegan un papel importante en sus trabajos, y dado que (en su opini\u00f3n) el color a menudo distrae de la esencia de la imagen, prefiere utilizar materiales en blanco y negro. Con el fin de evitar influencias de las modas o contempor\u00e1neas, Peter ha creado sus im\u00e1genes&nbsp; deliberadamente en un entorno pr\u00e1cticamente atemporal y sin l\u00edmites de espacio. Es m\u00e1s, ya que las bailarinas act\u00faan como interpretes, tambi\u00e9n ha intentado evitar cualquier identificaci\u00f3n de la persona detr\u00e1s de la figura de la fotograf\u00eda, focalizando as\u00ed la atenci\u00f3n del espectador en la forma de la imagen. &#8230; <\/p>\n<p class=\"read-more-container\"><a title=\"Biografia\" class=\"read-more button\" href=\"https:\/\/petervanstralen.nl\/es\/biografia\/#more-1415\" aria-label=\"Leer m\u00e1s sobre Biografia\">Verder lezen<\/a><\/p>\n","protected":false},"author":2,"featured_media":0,"parent":0,"menu_order":0,"comment_status":"closed","ping_status":"closed","template":"","meta":{"_crdt_document":"","_uag_custom_page_level_css":"","footnotes":""},"class_list":["post-1415","page","type-page","status-publish"],"yoast_head":"<!-- This site is optimized with the Yoast SEO plugin v27.3 - https:\/\/yoast.com\/product\/yoast-seo-wordpress\/ -->\n<title>Biografia - Peter van Stralen fotografie<\/title>\n<meta name=\"robots\" content=\"index, follow, max-snippet:-1, max-image-preview:large, max-video-preview:-1\" \/>\n<link rel=\"canonical\" href=\"https:\/\/petervanstralen.nl\/biografie\/\" \/>\n<meta property=\"og:locale\" content=\"es_ES\" \/>\n<meta property=\"og:type\" content=\"article\" \/>\n<meta property=\"og:title\" content=\"Biografia - Peter van Stralen fotografie\" \/>\n<meta property=\"og:description\" content=\"Peter van Stralen estudi\u00f3 para ser dise\u00f1ador gr\u00e1fico en la Academy of Arts en Arnhem, Pa\u00edses Bajos. Durante sus estudios, despert\u00f3 su inter\u00e9s por la fotogaf\u00eda.Desde entonces ha estado trabajando como artista aut\u00f3nomo\/ fot\u00f3grafo, focalizando sus actividades no comerciales principalmente en fotograf\u00eda escenificada en blanco y negro.Adem\u00e1s, Peter es tambi\u00e9n un fot\u00f3grafo activo en el campo del arte y la cultura en general. Motivaci\u00f3n y Estilo Peter se describe como un \u201cescultor en dos dimensiones\u201d que trabaja entre los campos de la fotograf\u00eda y el arte.&nbsp;\u00c9l tiene una gran admiraci\u00f3n hacia las bailarinas, por ser capaces de combinar poder y gracia de una forma muy natural. Su estilo est\u00e1 fuertemente influenciado por su pasado como dise\u00f1ador gr\u00e1fico: es simple y directo. Por ese motivo, ha jugado con el cuerpo femenino de una manera sencilla: para \u00e9l, a menudo \u201cmenos\u201d significa \u201cm\u00e1s\u201d. En este sentido, se le puede considerar minimalista. Tanto la forma como la composici\u00f3n juegan un papel importante en sus trabajos, y dado que (en su opini\u00f3n) el color a menudo distrae de la esencia de la imagen, prefiere utilizar materiales en blanco y negro. Con el fin de evitar influencias de las modas o contempor\u00e1neas, Peter ha creado sus im\u00e1genes&nbsp; deliberadamente en un entorno pr\u00e1cticamente atemporal y sin l\u00edmites de espacio. Es m\u00e1s, ya que las bailarinas act\u00faan como interpretes, tambi\u00e9n ha intentado evitar cualquier identificaci\u00f3n de la persona detr\u00e1s de la figura de la fotograf\u00eda, focalizando as\u00ed la atenci\u00f3n del espectador en la forma de la imagen. ... Verder lezen\" \/>\n<meta property=\"og:url\" content=\"https:\/\/petervanstralen.nl\/biografie\/\" \/>\n<meta property=\"og:site_name\" content=\"Peter van Stralen fotografie\" \/>\n<meta property=\"article:modified_time\" content=\"2021-12-17T15:59:54+00:00\" \/>\n<meta name=\"twitter:card\" content=\"summary_large_image\" \/>\n<meta name=\"twitter:label1\" content=\"Tiempo de lectura\" \/>\n\t<meta name=\"twitter:data1\" content=\"2 minutos\" \/>\n<script type=\"application\/ld+json\" class=\"yoast-schema-graph\">{\"@context\":\"https:\\\/\\\/schema.org\",\"@graph\":[{\"@type\":\"WebPage\",\"@id\":\"https:\\\/\\\/petervanstralen.nl\\\/biografie\\\/\",\"url\":\"https:\\\/\\\/petervanstralen.nl\\\/biografie\\\/\",\"name\":\"Biografia - Peter van Stralen fotografie\",\"isPartOf\":{\"@id\":\"https:\\\/\\\/petervanstralen.nl\\\/#website\"},\"datePublished\":\"2021-12-17T15:58:46+00:00\",\"dateModified\":\"2021-12-17T15:59:54+00:00\",\"breadcrumb\":{\"@id\":\"https:\\\/\\\/petervanstralen.nl\\\/biografie\\\/#breadcrumb\"},\"inLanguage\":\"es\",\"potentialAction\":[{\"@type\":\"ReadAction\",\"target\":[\"https:\\\/\\\/petervanstralen.nl\\\/biografie\\\/\"]}]},{\"@type\":\"BreadcrumbList\",\"@id\":\"https:\\\/\\\/petervanstralen.nl\\\/biografie\\\/#breadcrumb\",\"itemListElement\":[{\"@type\":\"ListItem\",\"position\":1,\"name\":\"Home\",\"item\":\"https:\\\/\\\/petervanstralen.nl\\\/es\\\/\"},{\"@type\":\"ListItem\",\"position\":2,\"name\":\"Biografia\"}]},{\"@type\":\"WebSite\",\"@id\":\"https:\\\/\\\/petervanstralen.nl\\\/#website\",\"url\":\"https:\\\/\\\/petervanstralen.nl\\\/\",\"name\":\"Peter van Stralen fotografie\",\"description\":\"Fine art nude photography\",\"publisher\":{\"@id\":\"https:\\\/\\\/petervanstralen.nl\\\/#organization\"},\"potentialAction\":[{\"@type\":\"SearchAction\",\"target\":{\"@type\":\"EntryPoint\",\"urlTemplate\":\"https:\\\/\\\/petervanstralen.nl\\\/?s={search_term_string}\"},\"query-input\":{\"@type\":\"PropertyValueSpecification\",\"valueRequired\":true,\"valueName\":\"search_term_string\"}}],\"inLanguage\":\"es\"},{\"@type\":\"Organization\",\"@id\":\"https:\\\/\\\/petervanstralen.nl\\\/#organization\",\"name\":\"Peter van Stralen fotografie\",\"url\":\"https:\\\/\\\/petervanstralen.nl\\\/\",\"logo\":{\"@type\":\"ImageObject\",\"inLanguage\":\"es\",\"@id\":\"https:\\\/\\\/petervanstralen.nl\\\/#\\\/schema\\\/logo\\\/image\\\/\",\"url\":\"https:\\\/\\\/petervanstralen.nl\\\/wp-content\\\/uploads\\\/2020\\\/09\\\/koptekst.jpg\",\"contentUrl\":\"https:\\\/\\\/petervanstralen.nl\\\/wp-content\\\/uploads\\\/2020\\\/09\\\/koptekst.jpg\",\"width\":1247,\"height\":216,\"caption\":\"Peter van Stralen fotografie\"},\"image\":{\"@id\":\"https:\\\/\\\/petervanstralen.nl\\\/#\\\/schema\\\/logo\\\/image\\\/\"}}]}<\/script>\n<!-- \/ Yoast SEO plugin. -->","yoast_head_json":{"title":"Biografia - Peter van Stralen fotografie","robots":{"index":"index","follow":"follow","max-snippet":"max-snippet:-1","max-image-preview":"max-image-preview:large","max-video-preview":"max-video-preview:-1"},"canonical":"https:\/\/petervanstralen.nl\/biografie\/","og_locale":"es_ES","og_type":"article","og_title":"Biografia - Peter van Stralen fotografie","og_description":"Peter van Stralen estudi\u00f3 para ser dise\u00f1ador gr\u00e1fico en la Academy of Arts en Arnhem, Pa\u00edses Bajos. Durante sus estudios, despert\u00f3 su inter\u00e9s por la fotogaf\u00eda.Desde entonces ha estado trabajando como artista aut\u00f3nomo\/ fot\u00f3grafo, focalizando sus actividades no comerciales principalmente en fotograf\u00eda escenificada en blanco y negro.Adem\u00e1s, Peter es tambi\u00e9n un fot\u00f3grafo activo en el campo del arte y la cultura en general. Motivaci\u00f3n y Estilo Peter se describe como un \u201cescultor en dos dimensiones\u201d que trabaja entre los campos de la fotograf\u00eda y el arte.&nbsp;\u00c9l tiene una gran admiraci\u00f3n hacia las bailarinas, por ser capaces de combinar poder y gracia de una forma muy natural. Su estilo est\u00e1 fuertemente influenciado por su pasado como dise\u00f1ador gr\u00e1fico: es simple y directo. Por ese motivo, ha jugado con el cuerpo femenino de una manera sencilla: para \u00e9l, a menudo \u201cmenos\u201d significa \u201cm\u00e1s\u201d. En este sentido, se le puede considerar minimalista. Tanto la forma como la composici\u00f3n juegan un papel importante en sus trabajos, y dado que (en su opini\u00f3n) el color a menudo distrae de la esencia de la imagen, prefiere utilizar materiales en blanco y negro. Con el fin de evitar influencias de las modas o contempor\u00e1neas, Peter ha creado sus im\u00e1genes&nbsp; deliberadamente en un entorno pr\u00e1cticamente atemporal y sin l\u00edmites de espacio. Es m\u00e1s, ya que las bailarinas act\u00faan como interpretes, tambi\u00e9n ha intentado evitar cualquier identificaci\u00f3n de la persona detr\u00e1s de la figura de la fotograf\u00eda, focalizando as\u00ed la atenci\u00f3n del espectador en la forma de la imagen. ... Verder lezen","og_url":"https:\/\/petervanstralen.nl\/biografie\/","og_site_name":"Peter van Stralen fotografie","article_modified_time":"2021-12-17T15:59:54+00:00","twitter_card":"summary_large_image","twitter_misc":{"Tiempo de lectura":"2 minutos"},"schema":{"@context":"https:\/\/schema.org","@graph":[{"@type":"WebPage","@id":"https:\/\/petervanstralen.nl\/biografie\/","url":"https:\/\/petervanstralen.nl\/biografie\/","name":"Biografia - Peter van Stralen fotografie","isPartOf":{"@id":"https:\/\/petervanstralen.nl\/#website"},"datePublished":"2021-12-17T15:58:46+00:00","dateModified":"2021-12-17T15:59:54+00:00","breadcrumb":{"@id":"https:\/\/petervanstralen.nl\/biografie\/#breadcrumb"},"inLanguage":"es","potentialAction":[{"@type":"ReadAction","target":["https:\/\/petervanstralen.nl\/biografie\/"]}]},{"@type":"BreadcrumbList","@id":"https:\/\/petervanstralen.nl\/biografie\/#breadcrumb","itemListElement":[{"@type":"ListItem","position":1,"name":"Home","item":"https:\/\/petervanstralen.nl\/es\/"},{"@type":"ListItem","position":2,"name":"Biografia"}]},{"@type":"WebSite","@id":"https:\/\/petervanstralen.nl\/#website","url":"https:\/\/petervanstralen.nl\/","name":"Peter van Stralen fotografie","description":"Fine art nude photography","publisher":{"@id":"https:\/\/petervanstralen.nl\/#organization"},"potentialAction":[{"@type":"SearchAction","target":{"@type":"EntryPoint","urlTemplate":"https:\/\/petervanstralen.nl\/?s={search_term_string}"},"query-input":{"@type":"PropertyValueSpecification","valueRequired":true,"valueName":"search_term_string"}}],"inLanguage":"es"},{"@type":"Organization","@id":"https:\/\/petervanstralen.nl\/#organization","name":"Peter van Stralen fotografie","url":"https:\/\/petervanstralen.nl\/","logo":{"@type":"ImageObject","inLanguage":"es","@id":"https:\/\/petervanstralen.nl\/#\/schema\/logo\/image\/","url":"https:\/\/petervanstralen.nl\/wp-content\/uploads\/2020\/09\/koptekst.jpg","contentUrl":"https:\/\/petervanstralen.nl\/wp-content\/uploads\/2020\/09\/koptekst.jpg","width":1247,"height":216,"caption":"Peter van Stralen fotografie"},"image":{"@id":"https:\/\/petervanstralen.nl\/#\/schema\/logo\/image\/"}}]}},"uagb_featured_image_src":{"full":false,"thumbnail":false,"medium":false,"medium_large":false,"large":false,"1536x1536":false,"2048x2048":false},"uagb_author_info":{"display_name":"peter","author_link":"https:\/\/petervanstralen.nl\/es\/author\/peter\/"},"uagb_comment_info":0,"uagb_excerpt":"Peter van Stralen estudi\u00f3 para ser dise\u00f1ador gr\u00e1fico en la Academy of Arts en Arnhem, Pa\u00edses Bajos. Durante sus estudios, despert\u00f3 su inter\u00e9s por la fotogaf\u00eda.Desde entonces ha estado trabajando como artista aut\u00f3nomo\/ fot\u00f3grafo, focalizando sus actividades no comerciales principalmente en fotograf\u00eda escenificada en blanco y negro.Adem\u00e1s, Peter es tambi\u00e9n un fot\u00f3grafo activo en el&hellip;","_links":{"self":[{"href":"https:\/\/petervanstralen.nl\/es\/wp-json\/wp\/v2\/pages\/1415","targetHints":{"allow":["GET"]}}],"collection":[{"href":"https:\/\/petervanstralen.nl\/es\/wp-json\/wp\/v2\/pages"}],"about":[{"href":"https:\/\/petervanstralen.nl\/es\/wp-json\/wp\/v2\/types\/page"}],"author":[{"embeddable":true,"href":"https:\/\/petervanstralen.nl\/es\/wp-json\/wp\/v2\/users\/2"}],"replies":[{"embeddable":true,"href":"https:\/\/petervanstralen.nl\/es\/wp-json\/wp\/v2\/comments?post=1415"}],"version-history":[{"count":2,"href":"https:\/\/petervanstralen.nl\/es\/wp-json\/wp\/v2\/pages\/1415\/revisions"}],"predecessor-version":[{"id":1417,"href":"https:\/\/petervanstralen.nl\/es\/wp-json\/wp\/v2\/pages\/1415\/revisions\/1417"}],"wp:attachment":[{"href":"https:\/\/petervanstralen.nl\/es\/wp-json\/wp\/v2\/media?parent=1415"}],"curies":[{"name":"wp","href":"https:\/\/api.w.org\/{rel}","templated":true}]}}