{"id":1439,"date":"2021-12-20T14:47:59","date_gmt":"2021-12-20T13:47:59","guid":{"rendered":"https:\/\/petervanstralen.nl\/webshop\/"},"modified":"2025-12-05T15:49:49","modified_gmt":"2025-12-05T14:49:49","slug":"webshop","status":"publish","type":"page","link":"https:\/\/petervanstralen.nl\/de\/webshop\/","title":{"rendered":"webshop"},"content":{"rendered":"\n<p class=\"has-text-align-left wp-block-paragraph\"> <\/p>\n\n\n\n<h3 class=\"wp-block-heading\"><span style=\"text-decoration: underline\"><strong>Allgemeine Information zu den Abz\u00fcgen:<\/strong><\/span><\/h3>\n\n\n\n<p class=\"wp-block-paragraph\">Abz\u00fcge: Canson Infinity Baryta Photographique Papier 310 grs.<\/p>\n\n\n\n<p class=\"wp-block-paragraph\">Passepartout: Moorman 87213 s\u00e4urefreies Karton, gebrochenes Weiss. Museumsqualit\u00e4t.<\/p>\n\n\n\n<p class=\"wp-block-paragraph\">Alle Bilder werden in einer limitierten Auflage von nur zehn Bildern gedruckt, signiert und nummeriert.<\/p>\n\n\n\n<p class=\"wp-block-paragraph\">Ein Echtheitszertifikat wird mitgeliefert.<\/p>\n\n\n\n<p class=\"wp-block-paragraph\"><\/p>\n\n\n\n<h4 class=\"wp-block-heading\"><strong style=\"text-decoration: underline\">Beispiel Abzug 50 x 60 cm:<\/strong><\/h4>\n\n\n\n<p class=\"wp-block-paragraph\">Gr\u00f6sse des Bildes: etwa DIN A3 (29,7 x 42 cm)<\/p>\n\n\n\n<p class=\"wp-block-paragraph\">Gr\u00f6sse inklusive Passepartout: 50 x 60 cm<\/p>\n\n\n\n<p class=\"wp-block-paragraph\"><\/p>\n\n\n\n<p class=\"wp-block-paragraph\"><\/p>\n\n\n\n<figure class=\"wp-block-image size-large is-style-default\"><img loading=\"lazy\" decoding=\"async\" width=\"1024\" height=\"852\" src=\"https:\/\/petervanstralen.nl\/wp-content\/uploads\/2015\/02\/Web-shop-5-1024x852.jpg\" alt=\" \" class=\"wp-image-68\" srcset=\"https:\/\/petervanstralen.nl\/wp-content\/uploads\/2015\/02\/Web-shop-5-1024x852.jpg 1024w, https:\/\/petervanstralen.nl\/wp-content\/uploads\/2015\/02\/Web-shop-5-300x250.jpg 300w, https:\/\/petervanstralen.nl\/wp-content\/uploads\/2015\/02\/Web-shop-5-768x639.jpg 768w, https:\/\/petervanstralen.nl\/wp-content\/uploads\/2015\/02\/Web-shop-5.jpg 1391w\" sizes=\"auto, (max-width: 1024px) 100vw, 1024px\" \/><\/figure>\n\n\n\n<h4 class=\"wp-block-heading\"><span style=\"text-decoration: underline\"><strong>Beispiel Abzug 60 x 80 cm:<\/strong><\/span><\/h4>\n\n\n\n<p class=\"wp-block-paragraph\">Gr\u00f6sse des Bildes: etwa DIN A2 (42 x 59,4 cm)<\/p>\n\n\n\n<p class=\"wp-block-paragraph\">Gr\u00f6sse inklusive Passepartout: 60 x 80 cm<\/p>\n\n\n\n<p class=\"wp-block-paragraph\"><\/p>\n\n\n\n<p class=\"wp-block-paragraph\">Falls Sie noch irgendwelche Fragen h\u00e4tten, k\u00f6nnen Sie das <a href=\"https:\/\/petervanstralen.nl\/de\/kontakt\/\">Kontakt Formular<\/a> auf dieser Website benutzen.<\/p>\n","protected":false},"excerpt":{"rendered":"<p>Allgemeine Information zu den Abz\u00fcgen: Abz\u00fcge: Canson Infinity Baryta Photographique Papier 310 grs. Passepartout: Moorman 87213 s\u00e4urefreies Karton, gebrochenes Weiss. Museumsqualit\u00e4t. Alle Bilder werden in einer limitierten Auflage von nur zehn Bildern gedruckt, signiert und nummeriert. Ein Echtheitszertifikat wird mitgeliefert. Beispiel Abzug 50 x 60 cm: Gr\u00f6sse des Bildes: etwa DIN A3 (29,7 x 42 cm) Gr\u00f6sse inklusive Passepartout: 50 x 60 cm Beispiel Abzug 60 x 80 cm: Gr\u00f6sse des Bildes: etwa DIN A2 (42 x 59,4 cm) Gr\u00f6sse inklusive Passepartout: 60 x 80 cm Falls Sie noch irgendwelche Fragen h\u00e4tten, k\u00f6nnen Sie das Kontakt Formular auf dieser Website benutzen.<\/p>\n","protected":false},"author":2,"featured_media":0,"parent":0,"menu_order":0,"comment_status":"closed","ping_status":"closed","template":"","meta":{"_crdt_document":"","_uag_custom_page_level_css":"","footnotes":""},"class_list":["post-1439","page","type-page","status-publish"],"yoast_head":"<!-- This site is optimized with the Yoast SEO plugin v27.4 - https:\/\/yoast.com\/product\/yoast-seo-wordpress\/ -->\n<title>webshop - Peter van Stralen fotografie<\/title>\n<meta name=\"robots\" content=\"index, follow, max-snippet:-1, max-image-preview:large, max-video-preview:-1\" \/>\n<link rel=\"canonical\" href=\"https:\/\/petervanstralen.nl\/de\/webshop\/\" \/>\n<meta property=\"og:locale\" content=\"de_DE\" \/>\n<meta property=\"og:type\" content=\"article\" \/>\n<meta property=\"og:title\" content=\"webshop - Peter van Stralen fotografie\" \/>\n<meta property=\"og:description\" content=\"Allgemeine Information zu den Abz\u00fcgen: Abz\u00fcge: Canson Infinity Baryta Photographique Papier 310 grs. Passepartout: Moorman 87213 s\u00e4urefreies Karton, gebrochenes Weiss. Museumsqualit\u00e4t. Alle Bilder werden in einer limitierten Auflage von nur zehn Bildern gedruckt, signiert und nummeriert. Ein Echtheitszertifikat wird mitgeliefert. Beispiel Abzug 50 x 60 cm: Gr\u00f6sse des Bildes: etwa DIN A3 (29,7 x 42 cm) Gr\u00f6sse inklusive Passepartout: 50 x 60 cm Beispiel Abzug 60 x 80 cm: Gr\u00f6sse des Bildes: etwa DIN A2 (42 x 59,4 cm) Gr\u00f6sse inklusive Passepartout: 60 x 80 cm Falls Sie noch irgendwelche Fragen h\u00e4tten, k\u00f6nnen Sie das Kontakt Formular auf dieser Website benutzen.\" \/>\n<meta property=\"og:url\" content=\"https:\/\/petervanstralen.nl\/de\/webshop\/\" \/>\n<meta property=\"og:site_name\" content=\"Peter van Stralen fotografie\" \/>\n<meta property=\"article:modified_time\" content=\"2025-12-05T14:49:49+00:00\" \/>\n<meta property=\"og:image\" content=\"https:\/\/petervanstralen.nl\/wp-content\/uploads\/2015\/02\/Web-shop-5.jpg\" \/>\n\t<meta property=\"og:image:width\" content=\"1391\" \/>\n\t<meta property=\"og:image:height\" content=\"1157\" \/>\n\t<meta property=\"og:image:type\" content=\"image\/jpeg\" \/>\n<meta name=\"twitter:card\" content=\"summary_large_image\" \/>\n<script type=\"application\/ld+json\" class=\"yoast-schema-graph\">{\"@context\":\"https:\\\/\\\/schema.org\",\"@graph\":[{\"@type\":\"WebPage\",\"@id\":\"https:\\\/\\\/petervanstralen.nl\\\/de\\\/webshop\\\/\",\"url\":\"https:\\\/\\\/petervanstralen.nl\\\/de\\\/webshop\\\/\",\"name\":\"webshop - Peter van Stralen fotografie\",\"isPartOf\":{\"@id\":\"https:\\\/\\\/petervanstralen.nl\\\/#website\"},\"primaryImageOfPage\":{\"@id\":\"https:\\\/\\\/petervanstralen.nl\\\/de\\\/webshop\\\/#primaryimage\"},\"image\":{\"@id\":\"https:\\\/\\\/petervanstralen.nl\\\/de\\\/webshop\\\/#primaryimage\"},\"thumbnailUrl\":\"https:\\\/\\\/petervanstralen.nl\\\/wp-content\\\/uploads\\\/2015\\\/02\\\/Web-shop-5-1024x852.jpg\",\"datePublished\":\"2021-12-20T13:47:59+00:00\",\"dateModified\":\"2025-12-05T14:49:49+00:00\",\"breadcrumb\":{\"@id\":\"https:\\\/\\\/petervanstralen.nl\\\/de\\\/webshop\\\/#breadcrumb\"},\"inLanguage\":\"de\",\"potentialAction\":[{\"@type\":\"ReadAction\",\"target\":[\"https:\\\/\\\/petervanstralen.nl\\\/de\\\/webshop\\\/\"]}]},{\"@type\":\"ImageObject\",\"inLanguage\":\"de\",\"@id\":\"https:\\\/\\\/petervanstralen.nl\\\/de\\\/webshop\\\/#primaryimage\",\"url\":\"https:\\\/\\\/petervanstralen.nl\\\/wp-content\\\/uploads\\\/2015\\\/02\\\/Web-shop-5-1024x852.jpg\",\"contentUrl\":\"https:\\\/\\\/petervanstralen.nl\\\/wp-content\\\/uploads\\\/2015\\\/02\\\/Web-shop-5-1024x852.jpg\"},{\"@type\":\"BreadcrumbList\",\"@id\":\"https:\\\/\\\/petervanstralen.nl\\\/de\\\/webshop\\\/#breadcrumb\",\"itemListElement\":[{\"@type\":\"ListItem\",\"position\":1,\"name\":\"Home\",\"item\":\"https:\\\/\\\/petervanstralen.nl\\\/de\\\/\"},{\"@type\":\"ListItem\",\"position\":2,\"name\":\"webshop\"}]},{\"@type\":\"WebSite\",\"@id\":\"https:\\\/\\\/petervanstralen.nl\\\/#website\",\"url\":\"https:\\\/\\\/petervanstralen.nl\\\/\",\"name\":\"Peter van Stralen fotografie\",\"description\":\"Fine art nude photography\",\"publisher\":{\"@id\":\"https:\\\/\\\/petervanstralen.nl\\\/#organization\"},\"potentialAction\":[{\"@type\":\"SearchAction\",\"target\":{\"@type\":\"EntryPoint\",\"urlTemplate\":\"https:\\\/\\\/petervanstralen.nl\\\/?s={search_term_string}\"},\"query-input\":{\"@type\":\"PropertyValueSpecification\",\"valueRequired\":true,\"valueName\":\"search_term_string\"}}],\"inLanguage\":\"de\"},{\"@type\":\"Organization\",\"@id\":\"https:\\\/\\\/petervanstralen.nl\\\/#organization\",\"name\":\"Peter van Stralen fotografie\",\"url\":\"https:\\\/\\\/petervanstralen.nl\\\/\",\"logo\":{\"@type\":\"ImageObject\",\"inLanguage\":\"de\",\"@id\":\"https:\\\/\\\/petervanstralen.nl\\\/#\\\/schema\\\/logo\\\/image\\\/\",\"url\":\"https:\\\/\\\/petervanstralen.nl\\\/wp-content\\\/uploads\\\/2020\\\/09\\\/koptekst.jpg\",\"contentUrl\":\"https:\\\/\\\/petervanstralen.nl\\\/wp-content\\\/uploads\\\/2020\\\/09\\\/koptekst.jpg\",\"width\":1247,\"height\":216,\"caption\":\"Peter van Stralen fotografie\"},\"image\":{\"@id\":\"https:\\\/\\\/petervanstralen.nl\\\/#\\\/schema\\\/logo\\\/image\\\/\"}}]}<\/script>\n<!-- \/ Yoast SEO plugin. -->","yoast_head_json":{"title":"webshop - Peter van Stralen fotografie","robots":{"index":"index","follow":"follow","max-snippet":"max-snippet:-1","max-image-preview":"max-image-preview:large","max-video-preview":"max-video-preview:-1"},"canonical":"https:\/\/petervanstralen.nl\/de\/webshop\/","og_locale":"de_DE","og_type":"article","og_title":"webshop - Peter van Stralen fotografie","og_description":"Allgemeine Information zu den Abz\u00fcgen: Abz\u00fcge: Canson Infinity Baryta Photographique Papier 310 grs. Passepartout: Moorman 87213 s\u00e4urefreies Karton, gebrochenes Weiss. Museumsqualit\u00e4t. Alle Bilder werden in einer limitierten Auflage von nur zehn Bildern gedruckt, signiert und nummeriert. Ein Echtheitszertifikat wird mitgeliefert. Beispiel Abzug 50 x 60 cm: Gr\u00f6sse des Bildes: etwa DIN A3 (29,7 x 42 cm) Gr\u00f6sse inklusive Passepartout: 50 x 60 cm Beispiel Abzug 60 x 80 cm: Gr\u00f6sse des Bildes: etwa DIN A2 (42 x 59,4 cm) Gr\u00f6sse inklusive Passepartout: 60 x 80 cm Falls Sie noch irgendwelche Fragen h\u00e4tten, k\u00f6nnen Sie das Kontakt Formular auf dieser Website benutzen.","og_url":"https:\/\/petervanstralen.nl\/de\/webshop\/","og_site_name":"Peter van Stralen fotografie","article_modified_time":"2025-12-05T14:49:49+00:00","og_image":[{"width":1391,"height":1157,"url":"https:\/\/petervanstralen.nl\/wp-content\/uploads\/2015\/02\/Web-shop-5.jpg","type":"image\/jpeg"}],"twitter_card":"summary_large_image","schema":{"@context":"https:\/\/schema.org","@graph":[{"@type":"WebPage","@id":"https:\/\/petervanstralen.nl\/de\/webshop\/","url":"https:\/\/petervanstralen.nl\/de\/webshop\/","name":"webshop - Peter van Stralen fotografie","isPartOf":{"@id":"https:\/\/petervanstralen.nl\/#website"},"primaryImageOfPage":{"@id":"https:\/\/petervanstralen.nl\/de\/webshop\/#primaryimage"},"image":{"@id":"https:\/\/petervanstralen.nl\/de\/webshop\/#primaryimage"},"thumbnailUrl":"https:\/\/petervanstralen.nl\/wp-content\/uploads\/2015\/02\/Web-shop-5-1024x852.jpg","datePublished":"2021-12-20T13:47:59+00:00","dateModified":"2025-12-05T14:49:49+00:00","breadcrumb":{"@id":"https:\/\/petervanstralen.nl\/de\/webshop\/#breadcrumb"},"inLanguage":"de","potentialAction":[{"@type":"ReadAction","target":["https:\/\/petervanstralen.nl\/de\/webshop\/"]}]},{"@type":"ImageObject","inLanguage":"de","@id":"https:\/\/petervanstralen.nl\/de\/webshop\/#primaryimage","url":"https:\/\/petervanstralen.nl\/wp-content\/uploads\/2015\/02\/Web-shop-5-1024x852.jpg","contentUrl":"https:\/\/petervanstralen.nl\/wp-content\/uploads\/2015\/02\/Web-shop-5-1024x852.jpg"},{"@type":"BreadcrumbList","@id":"https:\/\/petervanstralen.nl\/de\/webshop\/#breadcrumb","itemListElement":[{"@type":"ListItem","position":1,"name":"Home","item":"https:\/\/petervanstralen.nl\/de\/"},{"@type":"ListItem","position":2,"name":"webshop"}]},{"@type":"WebSite","@id":"https:\/\/petervanstralen.nl\/#website","url":"https:\/\/petervanstralen.nl\/","name":"Peter van Stralen fotografie","description":"Fine art nude photography","publisher":{"@id":"https:\/\/petervanstralen.nl\/#organization"},"potentialAction":[{"@type":"SearchAction","target":{"@type":"EntryPoint","urlTemplate":"https:\/\/petervanstralen.nl\/?s={search_term_string}"},"query-input":{"@type":"PropertyValueSpecification","valueRequired":true,"valueName":"search_term_string"}}],"inLanguage":"de"},{"@type":"Organization","@id":"https:\/\/petervanstralen.nl\/#organization","name":"Peter van Stralen fotografie","url":"https:\/\/petervanstralen.nl\/","logo":{"@type":"ImageObject","inLanguage":"de","@id":"https:\/\/petervanstralen.nl\/#\/schema\/logo\/image\/","url":"https:\/\/petervanstralen.nl\/wp-content\/uploads\/2020\/09\/koptekst.jpg","contentUrl":"https:\/\/petervanstralen.nl\/wp-content\/uploads\/2020\/09\/koptekst.jpg","width":1247,"height":216,"caption":"Peter van Stralen fotografie"},"image":{"@id":"https:\/\/petervanstralen.nl\/#\/schema\/logo\/image\/"}}]}},"uagb_featured_image_src":{"full":false,"thumbnail":false,"medium":false,"medium_large":false,"large":false,"1536x1536":false,"2048x2048":false},"uagb_author_info":{"display_name":"peter","author_link":"https:\/\/petervanstralen.nl\/de\/author\/peter\/"},"uagb_comment_info":0,"uagb_excerpt":"Allgemeine Information zu den Abz\u00fcgen: Abz\u00fcge: Canson Infinity Baryta Photographique Papier 310 grs. Passepartout: Moorman 87213 s\u00e4urefreies Karton, gebrochenes Weiss. Museumsqualit\u00e4t. Alle Bilder werden in einer limitierten Auflage von nur zehn Bildern gedruckt, signiert und nummeriert. Ein Echtheitszertifikat wird mitgeliefert. Beispiel Abzug 50 x 60 cm: Gr\u00f6sse des Bildes: etwa DIN A3 (29,7 x 42&hellip;","_links":{"self":[{"href":"https:\/\/petervanstralen.nl\/de\/wp-json\/wp\/v2\/pages\/1439","targetHints":{"allow":["GET"]}}],"collection":[{"href":"https:\/\/petervanstralen.nl\/de\/wp-json\/wp\/v2\/pages"}],"about":[{"href":"https:\/\/petervanstralen.nl\/de\/wp-json\/wp\/v2\/types\/page"}],"author":[{"embeddable":true,"href":"https:\/\/petervanstralen.nl\/de\/wp-json\/wp\/v2\/users\/2"}],"replies":[{"embeddable":true,"href":"https:\/\/petervanstralen.nl\/de\/wp-json\/wp\/v2\/comments?post=1439"}],"version-history":[{"count":6,"href":"https:\/\/petervanstralen.nl\/de\/wp-json\/wp\/v2\/pages\/1439\/revisions"}],"predecessor-version":[{"id":2506,"href":"https:\/\/petervanstralen.nl\/de\/wp-json\/wp\/v2\/pages\/1439\/revisions\/2506"}],"wp:attachment":[{"href":"https:\/\/petervanstralen.nl\/de\/wp-json\/wp\/v2\/media?parent=1439"}],"curies":[{"name":"wp","href":"https:\/\/api.w.org\/{rel}","templated":true}]}}