{"id":1433,"date":"2021-12-20T14:34:28","date_gmt":"2021-12-20T13:34:28","guid":{"rendered":"https:\/\/petervanstralen.nl\/kontakt\/"},"modified":"2025-01-18T16:59:44","modified_gmt":"2025-01-18T15:59:44","slug":"kontakt","status":"publish","type":"page","link":"https:\/\/petervanstralen.nl\/de\/kontakt\/","title":{"rendered":"Kontakt"},"content":{"rendered":"\n<h2 class=\"wp-block-heading\">Abz\u00fcge<\/h2>\n\n\n\n<p class=\"wp-block-paragraph\">Die digitalen Aufnahmen werden mit einem Epson SC-p800 auf Canson Infinity Photographique Fine Art A3+ oder A2 Papier gedruckt, Format inklusive Passepartout: 50 x 60 cm, bzw. 60 x 80 cm. Die Passepartouts sind aus s\u00e4urefreiem Karton von museumsqualit\u00e4t geschnitten.\r\nSie werden in einer sehr limitierten Auflage von je zehn Abz\u00fcgen pro digitale Datei angefertigt und sind an der Hinterseite nummeriert und signiert. Ein Zertifikat der Authentizit\u00e4t wird mitgeliefert.<\/p>\n\n\n\n<p class=\"wp-block-paragraph\">F\u00fcr weitere Ausk\u00fcnfte \u00fcber die B\u00fccher, \u00fcber diese Abz\u00fcge oder andere Sachen, kontaktieren Sie bitte Peter van Stralen:<\/p>\n\n\n\n<div class=\"wpcf7 no-js\" id=\"wpcf7-f38-o1\" lang=\"nl-NL\" dir=\"ltr\" data-wpcf7-id=\"38\">\n<div class=\"screen-reader-response\"><p role=\"status\" aria-live=\"polite\" aria-atomic=\"true\"><\/p> <ul><\/ul><\/div>\n<form action=\"\/de\/wp-json\/wp\/v2\/pages\/1433#wpcf7-f38-o1\" method=\"post\" class=\"wpcf7-form init\" aria-label=\"Contactformulier\" novalidate=\"novalidate\" data-status=\"init\">\n<fieldset class=\"hidden-fields-container\"><input type=\"hidden\" name=\"_wpcf7\" value=\"38\" \/><input type=\"hidden\" name=\"_wpcf7_version\" value=\"6.1.5\" \/><input type=\"hidden\" name=\"_wpcf7_locale\" value=\"nl_NL\" \/><input type=\"hidden\" name=\"_wpcf7_unit_tag\" value=\"wpcf7-f38-o1\" \/><input type=\"hidden\" name=\"_wpcf7_container_post\" value=\"0\" \/><input type=\"hidden\" name=\"_wpcf7_posted_data_hash\" value=\"\" \/>\n<\/fieldset>\n<p>Uw naam (verplicht)\n<\/p>\n<p><span class=\"wpcf7-form-control-wrap\" data-name=\"your-name\"><input size=\"40\" maxlength=\"400\" class=\"wpcf7-form-control wpcf7-text wpcf7-validates-as-required\" aria-required=\"true\" aria-invalid=\"false\" value=\"\" type=\"text\" name=\"your-name\" \/><\/span>\n<\/p>\n<p>Uw email (verplicht)\n<\/p>\n<p><span class=\"wpcf7-form-control-wrap\" data-name=\"your-email\"><input size=\"40\" maxlength=\"400\" class=\"wpcf7-form-control wpcf7-email wpcf7-validates-as-required wpcf7-text wpcf7-validates-as-email\" aria-required=\"true\" aria-invalid=\"false\" value=\"\" type=\"email\" name=\"your-email\" \/><\/span>\n<\/p>\n<p>Onderwerp\n<\/p>\n<p><span class=\"wpcf7-form-control-wrap\" data-name=\"your-subject\"><input size=\"40\" maxlength=\"400\" class=\"wpcf7-form-control wpcf7-text\" aria-invalid=\"false\" value=\"\" type=\"text\" name=\"your-subject\" \/><\/span>\n<\/p>\n<p>Uw bericht\n<\/p>\n<p><span class=\"wpcf7-form-control-wrap\" data-name=\"your-message\"><textarea cols=\"40\" rows=\"10\" maxlength=\"2000\" class=\"wpcf7-form-control wpcf7-textarea\" aria-invalid=\"false\" name=\"your-message\"><\/textarea><\/span>\n<\/p>\n<p><input class=\"wpcf7-form-control wpcf7-submit has-spinner\" type=\"submit\" value=\"Verzenden\" \/>\n<\/p><input type=\"hidden\" id=\"ct_checkjs_cf7_fc8001f834f6a5f0561080d134d53d29\" name=\"ct_checkjs_cf7\" value=\"0\" \/><script >setTimeout(function(){var ct_input_name = \"ct_checkjs_cf7_fc8001f834f6a5f0561080d134d53d29\";if (document.getElementById(ct_input_name) !== null) {var ct_input_value = document.getElementById(ct_input_name).value;document.getElementById(ct_input_name).value = document.getElementById(ct_input_name).value.replace(ct_input_value, '60729538a7450d583fc6bd9fda699844e2479fce1c0e2f43bf91b8ce97d3f2fa');}}, 1000);<\/script><input\n                    class=\"apbct_special_field apbct_email_id__wp_contact_form_7\"\n                    name=\"apbct__email_id__wp_contact_form_7\"\n                    aria-label=\"apbct__label_id__wp_contact_form_7\"\n                    type=\"text\" size=\"30\" maxlength=\"200\" autocomplete=\"off\"\n                    value=\"\"\n                \/><div class=\"wpcf7-response-output\" aria-hidden=\"true\"><\/div>\n<\/form>\n<\/div>\n\n\n\n\n<p class=\"wp-block-paragraph\"><\/p>\n","protected":false},"excerpt":{"rendered":"<p>Abz\u00fcge Die digitalen Aufnahmen werden mit einem Epson SC-p800 auf Canson Infinity Photographique Fine Art A3+ oder A2 Papier gedruckt, Format inklusive Passepartout: 50 x 60 cm, bzw. 60 x 80 cm. Die Passepartouts sind aus s\u00e4urefreiem Karton von museumsqualit\u00e4t geschnitten. Sie werden in einer sehr limitierten Auflage von je zehn Abz\u00fcgen pro digitale Datei angefertigt und sind an der Hinterseite nummeriert und signiert. Ein Zertifikat der Authentizit\u00e4t wird mitgeliefert. F\u00fcr weitere Ausk\u00fcnfte \u00fcber die B\u00fccher, \u00fcber diese Abz\u00fcge oder andere Sachen, kontaktieren Sie bitte Peter van Stralen:<\/p>\n","protected":false},"author":2,"featured_media":0,"parent":0,"menu_order":0,"comment_status":"closed","ping_status":"closed","template":"","meta":{"_crdt_document":"","_uag_custom_page_level_css":"","footnotes":""},"class_list":["post-1433","page","type-page","status-publish"],"yoast_head":"<!-- This site is optimized with the Yoast SEO plugin v27.3 - https:\/\/yoast.com\/product\/yoast-seo-wordpress\/ -->\n<title>Kontakt - Peter van Stralen fotografie<\/title>\n<meta name=\"robots\" content=\"index, follow, max-snippet:-1, max-image-preview:large, max-video-preview:-1\" \/>\n<link rel=\"canonical\" href=\"https:\/\/petervanstralen.nl\/de\/kontakt\/\" \/>\n<meta property=\"og:locale\" content=\"de_DE\" \/>\n<meta property=\"og:type\" content=\"article\" \/>\n<meta property=\"og:title\" content=\"Kontakt - Peter van Stralen fotografie\" \/>\n<meta property=\"og:description\" content=\"Abz\u00fcge Die digitalen Aufnahmen werden mit einem Epson SC-p800 auf Canson Infinity Photographique Fine Art A3+ oder A2 Papier gedruckt, Format inklusive Passepartout: 50 x 60 cm, bzw. 60 x 80 cm. Die Passepartouts sind aus s\u00e4urefreiem Karton von museumsqualit\u00e4t geschnitten. Sie werden in einer sehr limitierten Auflage von je zehn Abz\u00fcgen pro digitale Datei angefertigt und sind an der Hinterseite nummeriert und signiert. Ein Zertifikat der Authentizit\u00e4t wird mitgeliefert. F\u00fcr weitere Ausk\u00fcnfte \u00fcber die B\u00fccher, \u00fcber diese Abz\u00fcge oder andere Sachen, kontaktieren Sie bitte Peter van Stralen:\" \/>\n<meta property=\"og:url\" content=\"https:\/\/petervanstralen.nl\/de\/kontakt\/\" \/>\n<meta property=\"og:site_name\" content=\"Peter van Stralen fotografie\" \/>\n<meta property=\"article:modified_time\" content=\"2025-01-18T15:59:44+00:00\" \/>\n<meta name=\"twitter:card\" content=\"summary_large_image\" \/>\n<script type=\"application\/ld+json\" class=\"yoast-schema-graph\">{\"@context\":\"https:\\\/\\\/schema.org\",\"@graph\":[{\"@type\":\"WebPage\",\"@id\":\"https:\\\/\\\/petervanstralen.nl\\\/de\\\/kontakt\\\/\",\"url\":\"https:\\\/\\\/petervanstralen.nl\\\/de\\\/kontakt\\\/\",\"name\":\"Kontakt - Peter van Stralen fotografie\",\"isPartOf\":{\"@id\":\"https:\\\/\\\/petervanstralen.nl\\\/#website\"},\"datePublished\":\"2021-12-20T13:34:28+00:00\",\"dateModified\":\"2025-01-18T15:59:44+00:00\",\"breadcrumb\":{\"@id\":\"https:\\\/\\\/petervanstralen.nl\\\/de\\\/kontakt\\\/#breadcrumb\"},\"inLanguage\":\"de\",\"potentialAction\":[{\"@type\":\"ReadAction\",\"target\":[\"https:\\\/\\\/petervanstralen.nl\\\/de\\\/kontakt\\\/\"]}]},{\"@type\":\"BreadcrumbList\",\"@id\":\"https:\\\/\\\/petervanstralen.nl\\\/de\\\/kontakt\\\/#breadcrumb\",\"itemListElement\":[{\"@type\":\"ListItem\",\"position\":1,\"name\":\"Home\",\"item\":\"https:\\\/\\\/petervanstralen.nl\\\/de\\\/\"},{\"@type\":\"ListItem\",\"position\":2,\"name\":\"Kontakt\"}]},{\"@type\":\"WebSite\",\"@id\":\"https:\\\/\\\/petervanstralen.nl\\\/#website\",\"url\":\"https:\\\/\\\/petervanstralen.nl\\\/\",\"name\":\"Peter van Stralen fotografie\",\"description\":\"Fine art nude photography\",\"publisher\":{\"@id\":\"https:\\\/\\\/petervanstralen.nl\\\/#organization\"},\"potentialAction\":[{\"@type\":\"SearchAction\",\"target\":{\"@type\":\"EntryPoint\",\"urlTemplate\":\"https:\\\/\\\/petervanstralen.nl\\\/?s={search_term_string}\"},\"query-input\":{\"@type\":\"PropertyValueSpecification\",\"valueRequired\":true,\"valueName\":\"search_term_string\"}}],\"inLanguage\":\"de\"},{\"@type\":\"Organization\",\"@id\":\"https:\\\/\\\/petervanstralen.nl\\\/#organization\",\"name\":\"Peter van Stralen fotografie\",\"url\":\"https:\\\/\\\/petervanstralen.nl\\\/\",\"logo\":{\"@type\":\"ImageObject\",\"inLanguage\":\"de\",\"@id\":\"https:\\\/\\\/petervanstralen.nl\\\/#\\\/schema\\\/logo\\\/image\\\/\",\"url\":\"https:\\\/\\\/petervanstralen.nl\\\/wp-content\\\/uploads\\\/2020\\\/09\\\/koptekst.jpg\",\"contentUrl\":\"https:\\\/\\\/petervanstralen.nl\\\/wp-content\\\/uploads\\\/2020\\\/09\\\/koptekst.jpg\",\"width\":1247,\"height\":216,\"caption\":\"Peter van Stralen fotografie\"},\"image\":{\"@id\":\"https:\\\/\\\/petervanstralen.nl\\\/#\\\/schema\\\/logo\\\/image\\\/\"}}]}<\/script>\n<!-- \/ Yoast SEO plugin. -->","yoast_head_json":{"title":"Kontakt - Peter van Stralen fotografie","robots":{"index":"index","follow":"follow","max-snippet":"max-snippet:-1","max-image-preview":"max-image-preview:large","max-video-preview":"max-video-preview:-1"},"canonical":"https:\/\/petervanstralen.nl\/de\/kontakt\/","og_locale":"de_DE","og_type":"article","og_title":"Kontakt - Peter van Stralen fotografie","og_description":"Abz\u00fcge Die digitalen Aufnahmen werden mit einem Epson SC-p800 auf Canson Infinity Photographique Fine Art A3+ oder A2 Papier gedruckt, Format inklusive Passepartout: 50 x 60 cm, bzw. 60 x 80 cm. Die Passepartouts sind aus s\u00e4urefreiem Karton von museumsqualit\u00e4t geschnitten. Sie werden in einer sehr limitierten Auflage von je zehn Abz\u00fcgen pro digitale Datei angefertigt und sind an der Hinterseite nummeriert und signiert. Ein Zertifikat der Authentizit\u00e4t wird mitgeliefert. F\u00fcr weitere Ausk\u00fcnfte \u00fcber die B\u00fccher, \u00fcber diese Abz\u00fcge oder andere Sachen, kontaktieren Sie bitte Peter van Stralen:","og_url":"https:\/\/petervanstralen.nl\/de\/kontakt\/","og_site_name":"Peter van Stralen fotografie","article_modified_time":"2025-01-18T15:59:44+00:00","twitter_card":"summary_large_image","schema":{"@context":"https:\/\/schema.org","@graph":[{"@type":"WebPage","@id":"https:\/\/petervanstralen.nl\/de\/kontakt\/","url":"https:\/\/petervanstralen.nl\/de\/kontakt\/","name":"Kontakt - Peter van Stralen fotografie","isPartOf":{"@id":"https:\/\/petervanstralen.nl\/#website"},"datePublished":"2021-12-20T13:34:28+00:00","dateModified":"2025-01-18T15:59:44+00:00","breadcrumb":{"@id":"https:\/\/petervanstralen.nl\/de\/kontakt\/#breadcrumb"},"inLanguage":"de","potentialAction":[{"@type":"ReadAction","target":["https:\/\/petervanstralen.nl\/de\/kontakt\/"]}]},{"@type":"BreadcrumbList","@id":"https:\/\/petervanstralen.nl\/de\/kontakt\/#breadcrumb","itemListElement":[{"@type":"ListItem","position":1,"name":"Home","item":"https:\/\/petervanstralen.nl\/de\/"},{"@type":"ListItem","position":2,"name":"Kontakt"}]},{"@type":"WebSite","@id":"https:\/\/petervanstralen.nl\/#website","url":"https:\/\/petervanstralen.nl\/","name":"Peter van Stralen fotografie","description":"Fine art nude photography","publisher":{"@id":"https:\/\/petervanstralen.nl\/#organization"},"potentialAction":[{"@type":"SearchAction","target":{"@type":"EntryPoint","urlTemplate":"https:\/\/petervanstralen.nl\/?s={search_term_string}"},"query-input":{"@type":"PropertyValueSpecification","valueRequired":true,"valueName":"search_term_string"}}],"inLanguage":"de"},{"@type":"Organization","@id":"https:\/\/petervanstralen.nl\/#organization","name":"Peter van Stralen fotografie","url":"https:\/\/petervanstralen.nl\/","logo":{"@type":"ImageObject","inLanguage":"de","@id":"https:\/\/petervanstralen.nl\/#\/schema\/logo\/image\/","url":"https:\/\/petervanstralen.nl\/wp-content\/uploads\/2020\/09\/koptekst.jpg","contentUrl":"https:\/\/petervanstralen.nl\/wp-content\/uploads\/2020\/09\/koptekst.jpg","width":1247,"height":216,"caption":"Peter van Stralen fotografie"},"image":{"@id":"https:\/\/petervanstralen.nl\/#\/schema\/logo\/image\/"}}]}},"uagb_featured_image_src":{"full":false,"thumbnail":false,"medium":false,"medium_large":false,"large":false,"1536x1536":false,"2048x2048":false},"uagb_author_info":{"display_name":"peter","author_link":"https:\/\/petervanstralen.nl\/de\/author\/peter\/"},"uagb_comment_info":0,"uagb_excerpt":"Abz\u00fcge Die digitalen Aufnahmen werden mit einem Epson SC-p800 auf Canson Infinity Photographique Fine Art A3+ oder A2 Papier gedruckt, Format inklusive Passepartout: 50 x 60 cm, bzw. 60 x 80 cm. Die Passepartouts sind aus s\u00e4urefreiem Karton von museumsqualit\u00e4t geschnitten. Sie werden in einer sehr limitierten Auflage von je zehn Abz\u00fcgen pro digitale Datei&hellip;","_links":{"self":[{"href":"https:\/\/petervanstralen.nl\/de\/wp-json\/wp\/v2\/pages\/1433","targetHints":{"allow":["GET"]}}],"collection":[{"href":"https:\/\/petervanstralen.nl\/de\/wp-json\/wp\/v2\/pages"}],"about":[{"href":"https:\/\/petervanstralen.nl\/de\/wp-json\/wp\/v2\/types\/page"}],"author":[{"embeddable":true,"href":"https:\/\/petervanstralen.nl\/de\/wp-json\/wp\/v2\/users\/2"}],"replies":[{"embeddable":true,"href":"https:\/\/petervanstralen.nl\/de\/wp-json\/wp\/v2\/comments?post=1433"}],"version-history":[{"count":2,"href":"https:\/\/petervanstralen.nl\/de\/wp-json\/wp\/v2\/pages\/1433\/revisions"}],"predecessor-version":[{"id":2219,"href":"https:\/\/petervanstralen.nl\/de\/wp-json\/wp\/v2\/pages\/1433\/revisions\/2219"}],"wp:attachment":[{"href":"https:\/\/petervanstralen.nl\/de\/wp-json\/wp\/v2\/media?parent=1433"}],"curies":[{"name":"wp","href":"https:\/\/api.w.org\/{rel}","templated":true}]}}