{"id":1410,"date":"2021-12-17T16:55:08","date_gmt":"2021-12-17T15:55:08","guid":{"rendered":"https:\/\/petervanstralen.nl\/biographie\/"},"modified":"2021-12-17T16:57:45","modified_gmt":"2021-12-17T15:57:45","slug":"biographie","status":"publish","type":"page","link":"https:\/\/petervanstralen.nl\/de\/biographie\/","title":{"rendered":"Biographie"},"content":{"rendered":"\n<p class=\"wp-block-paragraph\">Peter van Stralen studierte Grafik und Design an der Akademie der Bildenden K\u00fcnste in Arnheim. W\u00e4hrend des Studiums wurde sein Interesse f\u00fcr die Fotografie geweckt.&nbsp;Seitdem ist er als freischaffender K\u00fcnstler\/Fotograf t\u00e4tig, dessen nicht-kommerzielle T\u00e4tigkeit sich haupts\u00e4chlich auf inszenierte Schwarz-Wei\u00df-Fotografie konzentriert.&nbsp;Er ist ausserdem als Fotograf im Bereich Kunst und Kultur im Allgemeinen t\u00e4tig.<\/p>\n\n\n\n<p class=\"wp-block-paragraph\">Seine Fotografien wurden viele Male und in vielen verschiedenen L\u00e4ndern ver\u00f6ffentlicht und ausgestellt, von der ber\u00fchmten Leica Galerie in Deutschland bis zur 25CPW Gallery in New York. Im M\u00e4rz 2001 ver\u00f6ffentlichte der Umschau-Braus Verlag in Frankfurt sein Fotobuch \u201eFIGUREN\u201c (ISBN: 3-8295-6832-0) und im Oktober 2014 erschien sein zweites Fotobuch \u201eODD BODIES\u201c. (ISBN: 978-90-9028745-4)<\/p>\n\n\n\n<hr class=\"wp-block-separator has-text-color has-background has-accent-background-color has-accent-color is-style-wide\"\/>\n\n\n\n<h2 class=\"wp-block-heading\">Motivation und Stil<\/h2>\n\n\n\n<p class=\"wp-block-paragraph\">Er bezeichnet sich selbst gerne als \u201ezweidimensionalen Bildhauer\u201c, der am liebsten mit T\u00e4nzerinnen arbeitet, weil sie Kraft und Anmut auf ganz nat\u00fcrliche Weise vereinen k\u00f6nnen.<\/p>\n\n\n\n<p class=\"wp-block-paragraph\">Sein Stil ist stark von seinem Hintergrund als Grafiker beeinflusst: Dieser Stil ist recht einfach und direkt. Dadurch spielt er auf unkomplizierte Weise mit den weiblichen K\u00f6rperformen. F\u00fcr ihn bedeutet \u201cweniger\u201d oft \u201cmehr\u201d und in diesem Sinne kann er als Minimalist bezeichnet werden.&nbsp;Sowohl Form als auch Komposition spielen in seiner Arbeit eine wichtige Rolle, und weil Farbe seiner Meinung nach oft vom Wesen eines Bildes ablenkt, bevorzugt er Schwarz-Wei\u00df-Fotos.&nbsp;Um modische oder zeitgebundene Einfl\u00fcsse zu vermeiden, kreiert er seine Bilder zudem bewusst in einer nahezu zeitlosen und raumlosen Umgebung. Und da die T\u00e4nzerinnen als Interpreten fungieren, versucht er auch eine Identifizierung der Person hinter der Figur auf dem Foto zu&nbsp;vermeiden und lenkt somit die Aufmerksamkeit des Betrachters vollst\u00e4ndig auf die Form des Bildes.<\/p>\n\n\n\n<p class=\"wp-block-paragraph\">In dieser Serie \u2018ODD BODIES\u2019 betont er Themen wie Losl\u00f6sung und Entfremdung, indem er den weiblichen K\u00f6rper aus einer anderen Perspektive fotografiert. Dabei sind Frauen nicht nur vertraut und sinnlich, sondern auch angenehm fremd und faszinierend vielseitig. Er versucht den weiblichen K\u00f6rper so zu zeigen, dass man scheinbar gew\u00f6hnliche Formen wieder bestaunen&nbsp;kann. Diese Fotoserie spiegelt daher seine Bewunderung f\u00fcr diese T\u00e4nzerinnen wider.<\/p>\n\n\n\n<hr class=\"wp-block-separator has-text-color has-background has-accent-background-color has-accent-color is-style-wide\"\/>\n\n\n\n<h2 class=\"wp-block-heading\">Technik<\/h2>\n\n\n\n<p class=\"wp-block-paragraph\">Er arbeitet zur Zeit mit einer Nikon D3x DSLR Kamera, einem 24 \u2013 70mm 1:2.8 G ED Nikkor Objektiv und einem 85mm 1:1.4 G Nikkor AF-S Objektiv.<br>Die Bilder sind alle im Studio gemacht worden mit Bowens Esprit 1000 Studioblitzger\u00e4ten.<br>Druck: Epson Sure Color p800 A2 Drucker<\/p>\n","protected":false},"excerpt":{"rendered":"<p>Peter van Stralen studierte Grafik und Design an der Akademie der Bildenden K\u00fcnste in Arnheim. W\u00e4hrend des Studiums wurde sein Interesse f\u00fcr die Fotografie geweckt.&nbsp;Seitdem ist er als freischaffender K\u00fcnstler\/Fotograf t\u00e4tig, dessen nicht-kommerzielle T\u00e4tigkeit sich haupts\u00e4chlich auf inszenierte Schwarz-Wei\u00df-Fotografie konzentriert.&nbsp;Er ist ausserdem als Fotograf im Bereich Kunst und Kultur im Allgemeinen t\u00e4tig. Seine Fotografien wurden viele Male und in vielen verschiedenen L\u00e4ndern ver\u00f6ffentlicht und ausgestellt, von der ber\u00fchmten Leica Galerie in Deutschland bis zur 25CPW Gallery in New York. Im M\u00e4rz 2001 ver\u00f6ffentlichte der Umschau-Braus Verlag in Frankfurt sein Fotobuch \u201eFIGUREN\u201c (ISBN: 3-8295-6832-0) und im Oktober 2014 erschien sein zweites Fotobuch \u201eODD BODIES\u201c. (ISBN: 978-90-9028745-4) Motivation und Stil Er bezeichnet sich selbst gerne als \u201ezweidimensionalen Bildhauer\u201c, der am liebsten mit T\u00e4nzerinnen arbeitet, weil sie Kraft und Anmut auf ganz nat\u00fcrliche Weise vereinen k\u00f6nnen. Sein Stil ist stark von seinem Hintergrund als Grafiker beeinflusst: Dieser Stil ist recht einfach und direkt. Dadurch spielt er auf unkomplizierte Weise mit den weiblichen K\u00f6rperformen. F\u00fcr ihn bedeutet \u201cweniger\u201d oft \u201cmehr\u201d und in diesem Sinne kann er als Minimalist bezeichnet werden.&nbsp;Sowohl Form als auch Komposition spielen in seiner Arbeit eine wichtige Rolle, und weil Farbe seiner Meinung nach oft vom Wesen eines Bildes ablenkt, bevorzugt er Schwarz-Wei\u00df-Fotos.&nbsp;Um modische oder zeitgebundene Einfl\u00fcsse zu vermeiden, kreiert er seine Bilder zudem bewusst in einer nahezu zeitlosen und raumlosen Umgebung. Und da die T\u00e4nzerinnen als Interpreten fungieren, versucht er auch eine Identifizierung der Person hinter der Figur auf dem Foto zu&nbsp;vermeiden und lenkt somit die Aufmerksamkeit des Betrachters vollst\u00e4ndig &#8230; <\/p>\n<p class=\"read-more-container\"><a title=\"Biographie\" class=\"read-more button\" href=\"https:\/\/petervanstralen.nl\/de\/biographie\/#more-1410\" aria-label=\"Mehr Informationen \u00fcber Biographie\">Verder lezen<\/a><\/p>\n","protected":false},"author":2,"featured_media":0,"parent":0,"menu_order":0,"comment_status":"closed","ping_status":"closed","template":"","meta":{"_crdt_document":"","_uag_custom_page_level_css":"","footnotes":""},"class_list":["post-1410","page","type-page","status-publish"],"yoast_head":"<!-- This site is optimized with the Yoast SEO plugin v27.3 - https:\/\/yoast.com\/product\/yoast-seo-wordpress\/ -->\n<title>Biographie - Peter van Stralen fotografie<\/title>\n<meta name=\"robots\" content=\"index, follow, max-snippet:-1, max-image-preview:large, max-video-preview:-1\" \/>\n<link rel=\"canonical\" href=\"https:\/\/petervanstralen.nl\/biografie\/\" \/>\n<meta property=\"og:locale\" content=\"de_DE\" \/>\n<meta property=\"og:type\" content=\"article\" \/>\n<meta property=\"og:title\" content=\"Biographie - Peter van Stralen fotografie\" \/>\n<meta property=\"og:description\" content=\"Peter van Stralen studierte Grafik und Design an der Akademie der Bildenden K\u00fcnste in Arnheim. W\u00e4hrend des Studiums wurde sein Interesse f\u00fcr die Fotografie geweckt.&nbsp;Seitdem ist er als freischaffender K\u00fcnstler\/Fotograf t\u00e4tig, dessen nicht-kommerzielle T\u00e4tigkeit sich haupts\u00e4chlich auf inszenierte Schwarz-Wei\u00df-Fotografie konzentriert.&nbsp;Er ist ausserdem als Fotograf im Bereich Kunst und Kultur im Allgemeinen t\u00e4tig. Seine Fotografien wurden viele Male und in vielen verschiedenen L\u00e4ndern ver\u00f6ffentlicht und ausgestellt, von der ber\u00fchmten Leica Galerie in Deutschland bis zur 25CPW Gallery in New York. Im M\u00e4rz 2001 ver\u00f6ffentlichte der Umschau-Braus Verlag in Frankfurt sein Fotobuch \u201eFIGUREN\u201c (ISBN: 3-8295-6832-0) und im Oktober 2014 erschien sein zweites Fotobuch \u201eODD BODIES\u201c. (ISBN: 978-90-9028745-4) Motivation und Stil Er bezeichnet sich selbst gerne als \u201ezweidimensionalen Bildhauer\u201c, der am liebsten mit T\u00e4nzerinnen arbeitet, weil sie Kraft und Anmut auf ganz nat\u00fcrliche Weise vereinen k\u00f6nnen. Sein Stil ist stark von seinem Hintergrund als Grafiker beeinflusst: Dieser Stil ist recht einfach und direkt. Dadurch spielt er auf unkomplizierte Weise mit den weiblichen K\u00f6rperformen. F\u00fcr ihn bedeutet \u201cweniger\u201d oft \u201cmehr\u201d und in diesem Sinne kann er als Minimalist bezeichnet werden.&nbsp;Sowohl Form als auch Komposition spielen in seiner Arbeit eine wichtige Rolle, und weil Farbe seiner Meinung nach oft vom Wesen eines Bildes ablenkt, bevorzugt er Schwarz-Wei\u00df-Fotos.&nbsp;Um modische oder zeitgebundene Einfl\u00fcsse zu vermeiden, kreiert er seine Bilder zudem bewusst in einer nahezu zeitlosen und raumlosen Umgebung. Und da die T\u00e4nzerinnen als Interpreten fungieren, versucht er auch eine Identifizierung der Person hinter der Figur auf dem Foto zu&nbsp;vermeiden und lenkt somit die Aufmerksamkeit des Betrachters vollst\u00e4ndig ... Verder lezen\" \/>\n<meta property=\"og:url\" content=\"https:\/\/petervanstralen.nl\/biografie\/\" \/>\n<meta property=\"og:site_name\" content=\"Peter van Stralen fotografie\" \/>\n<meta property=\"article:modified_time\" content=\"2021-12-17T15:57:45+00:00\" \/>\n<meta name=\"twitter:card\" content=\"summary_large_image\" \/>\n<meta name=\"twitter:label1\" content=\"Gesch\u00e4tzte Lesezeit\" \/>\n\t<meta name=\"twitter:data1\" content=\"2\u00a0Minuten\" \/>\n<script type=\"application\/ld+json\" class=\"yoast-schema-graph\">{\"@context\":\"https:\\\/\\\/schema.org\",\"@graph\":[{\"@type\":\"WebPage\",\"@id\":\"https:\\\/\\\/petervanstralen.nl\\\/biografie\\\/\",\"url\":\"https:\\\/\\\/petervanstralen.nl\\\/biografie\\\/\",\"name\":\"Biographie - Peter van Stralen fotografie\",\"isPartOf\":{\"@id\":\"https:\\\/\\\/petervanstralen.nl\\\/#website\"},\"datePublished\":\"2021-12-17T15:55:08+00:00\",\"dateModified\":\"2021-12-17T15:57:45+00:00\",\"breadcrumb\":{\"@id\":\"https:\\\/\\\/petervanstralen.nl\\\/biografie\\\/#breadcrumb\"},\"inLanguage\":\"de\",\"potentialAction\":[{\"@type\":\"ReadAction\",\"target\":[\"https:\\\/\\\/petervanstralen.nl\\\/biografie\\\/\"]}]},{\"@type\":\"BreadcrumbList\",\"@id\":\"https:\\\/\\\/petervanstralen.nl\\\/biografie\\\/#breadcrumb\",\"itemListElement\":[{\"@type\":\"ListItem\",\"position\":1,\"name\":\"Home\",\"item\":\"https:\\\/\\\/petervanstralen.nl\\\/de\\\/\"},{\"@type\":\"ListItem\",\"position\":2,\"name\":\"Biographie\"}]},{\"@type\":\"WebSite\",\"@id\":\"https:\\\/\\\/petervanstralen.nl\\\/#website\",\"url\":\"https:\\\/\\\/petervanstralen.nl\\\/\",\"name\":\"Peter van Stralen fotografie\",\"description\":\"Fine art nude photography\",\"publisher\":{\"@id\":\"https:\\\/\\\/petervanstralen.nl\\\/#organization\"},\"potentialAction\":[{\"@type\":\"SearchAction\",\"target\":{\"@type\":\"EntryPoint\",\"urlTemplate\":\"https:\\\/\\\/petervanstralen.nl\\\/?s={search_term_string}\"},\"query-input\":{\"@type\":\"PropertyValueSpecification\",\"valueRequired\":true,\"valueName\":\"search_term_string\"}}],\"inLanguage\":\"de\"},{\"@type\":\"Organization\",\"@id\":\"https:\\\/\\\/petervanstralen.nl\\\/#organization\",\"name\":\"Peter van Stralen fotografie\",\"url\":\"https:\\\/\\\/petervanstralen.nl\\\/\",\"logo\":{\"@type\":\"ImageObject\",\"inLanguage\":\"de\",\"@id\":\"https:\\\/\\\/petervanstralen.nl\\\/#\\\/schema\\\/logo\\\/image\\\/\",\"url\":\"https:\\\/\\\/petervanstralen.nl\\\/wp-content\\\/uploads\\\/2020\\\/09\\\/koptekst.jpg\",\"contentUrl\":\"https:\\\/\\\/petervanstralen.nl\\\/wp-content\\\/uploads\\\/2020\\\/09\\\/koptekst.jpg\",\"width\":1247,\"height\":216,\"caption\":\"Peter van Stralen fotografie\"},\"image\":{\"@id\":\"https:\\\/\\\/petervanstralen.nl\\\/#\\\/schema\\\/logo\\\/image\\\/\"}}]}<\/script>\n<!-- \/ Yoast SEO plugin. -->","yoast_head_json":{"title":"Biographie - Peter van Stralen fotografie","robots":{"index":"index","follow":"follow","max-snippet":"max-snippet:-1","max-image-preview":"max-image-preview:large","max-video-preview":"max-video-preview:-1"},"canonical":"https:\/\/petervanstralen.nl\/biografie\/","og_locale":"de_DE","og_type":"article","og_title":"Biographie - Peter van Stralen fotografie","og_description":"Peter van Stralen studierte Grafik und Design an der Akademie der Bildenden K\u00fcnste in Arnheim. W\u00e4hrend des Studiums wurde sein Interesse f\u00fcr die Fotografie geweckt.&nbsp;Seitdem ist er als freischaffender K\u00fcnstler\/Fotograf t\u00e4tig, dessen nicht-kommerzielle T\u00e4tigkeit sich haupts\u00e4chlich auf inszenierte Schwarz-Wei\u00df-Fotografie konzentriert.&nbsp;Er ist ausserdem als Fotograf im Bereich Kunst und Kultur im Allgemeinen t\u00e4tig. Seine Fotografien wurden viele Male und in vielen verschiedenen L\u00e4ndern ver\u00f6ffentlicht und ausgestellt, von der ber\u00fchmten Leica Galerie in Deutschland bis zur 25CPW Gallery in New York. Im M\u00e4rz 2001 ver\u00f6ffentlichte der Umschau-Braus Verlag in Frankfurt sein Fotobuch \u201eFIGUREN\u201c (ISBN: 3-8295-6832-0) und im Oktober 2014 erschien sein zweites Fotobuch \u201eODD BODIES\u201c. (ISBN: 978-90-9028745-4) Motivation und Stil Er bezeichnet sich selbst gerne als \u201ezweidimensionalen Bildhauer\u201c, der am liebsten mit T\u00e4nzerinnen arbeitet, weil sie Kraft und Anmut auf ganz nat\u00fcrliche Weise vereinen k\u00f6nnen. Sein Stil ist stark von seinem Hintergrund als Grafiker beeinflusst: Dieser Stil ist recht einfach und direkt. Dadurch spielt er auf unkomplizierte Weise mit den weiblichen K\u00f6rperformen. F\u00fcr ihn bedeutet \u201cweniger\u201d oft \u201cmehr\u201d und in diesem Sinne kann er als Minimalist bezeichnet werden.&nbsp;Sowohl Form als auch Komposition spielen in seiner Arbeit eine wichtige Rolle, und weil Farbe seiner Meinung nach oft vom Wesen eines Bildes ablenkt, bevorzugt er Schwarz-Wei\u00df-Fotos.&nbsp;Um modische oder zeitgebundene Einfl\u00fcsse zu vermeiden, kreiert er seine Bilder zudem bewusst in einer nahezu zeitlosen und raumlosen Umgebung. Und da die T\u00e4nzerinnen als Interpreten fungieren, versucht er auch eine Identifizierung der Person hinter der Figur auf dem Foto zu&nbsp;vermeiden und lenkt somit die Aufmerksamkeit des Betrachters vollst\u00e4ndig ... Verder lezen","og_url":"https:\/\/petervanstralen.nl\/biografie\/","og_site_name":"Peter van Stralen fotografie","article_modified_time":"2021-12-17T15:57:45+00:00","twitter_card":"summary_large_image","twitter_misc":{"Gesch\u00e4tzte Lesezeit":"2\u00a0Minuten"},"schema":{"@context":"https:\/\/schema.org","@graph":[{"@type":"WebPage","@id":"https:\/\/petervanstralen.nl\/biografie\/","url":"https:\/\/petervanstralen.nl\/biografie\/","name":"Biographie - Peter van Stralen fotografie","isPartOf":{"@id":"https:\/\/petervanstralen.nl\/#website"},"datePublished":"2021-12-17T15:55:08+00:00","dateModified":"2021-12-17T15:57:45+00:00","breadcrumb":{"@id":"https:\/\/petervanstralen.nl\/biografie\/#breadcrumb"},"inLanguage":"de","potentialAction":[{"@type":"ReadAction","target":["https:\/\/petervanstralen.nl\/biografie\/"]}]},{"@type":"BreadcrumbList","@id":"https:\/\/petervanstralen.nl\/biografie\/#breadcrumb","itemListElement":[{"@type":"ListItem","position":1,"name":"Home","item":"https:\/\/petervanstralen.nl\/de\/"},{"@type":"ListItem","position":2,"name":"Biographie"}]},{"@type":"WebSite","@id":"https:\/\/petervanstralen.nl\/#website","url":"https:\/\/petervanstralen.nl\/","name":"Peter van Stralen fotografie","description":"Fine art nude photography","publisher":{"@id":"https:\/\/petervanstralen.nl\/#organization"},"potentialAction":[{"@type":"SearchAction","target":{"@type":"EntryPoint","urlTemplate":"https:\/\/petervanstralen.nl\/?s={search_term_string}"},"query-input":{"@type":"PropertyValueSpecification","valueRequired":true,"valueName":"search_term_string"}}],"inLanguage":"de"},{"@type":"Organization","@id":"https:\/\/petervanstralen.nl\/#organization","name":"Peter van Stralen fotografie","url":"https:\/\/petervanstralen.nl\/","logo":{"@type":"ImageObject","inLanguage":"de","@id":"https:\/\/petervanstralen.nl\/#\/schema\/logo\/image\/","url":"https:\/\/petervanstralen.nl\/wp-content\/uploads\/2020\/09\/koptekst.jpg","contentUrl":"https:\/\/petervanstralen.nl\/wp-content\/uploads\/2020\/09\/koptekst.jpg","width":1247,"height":216,"caption":"Peter van Stralen fotografie"},"image":{"@id":"https:\/\/petervanstralen.nl\/#\/schema\/logo\/image\/"}}]}},"uagb_featured_image_src":{"full":false,"thumbnail":false,"medium":false,"medium_large":false,"large":false,"1536x1536":false,"2048x2048":false},"uagb_author_info":{"display_name":"peter","author_link":"https:\/\/petervanstralen.nl\/de\/author\/peter\/"},"uagb_comment_info":0,"uagb_excerpt":"Peter van Stralen studierte Grafik und Design an der Akademie der Bildenden K\u00fcnste in Arnheim. W\u00e4hrend des Studiums wurde sein Interesse f\u00fcr die Fotografie geweckt.&nbsp;Seitdem ist er als freischaffender K\u00fcnstler\/Fotograf t\u00e4tig, dessen nicht-kommerzielle T\u00e4tigkeit sich haupts\u00e4chlich auf inszenierte Schwarz-Wei\u00df-Fotografie konzentriert.&nbsp;Er ist ausserdem als Fotograf im Bereich Kunst und Kultur im Allgemeinen t\u00e4tig. Seine Fotografien wurden&hellip;","_links":{"self":[{"href":"https:\/\/petervanstralen.nl\/de\/wp-json\/wp\/v2\/pages\/1410","targetHints":{"allow":["GET"]}}],"collection":[{"href":"https:\/\/petervanstralen.nl\/de\/wp-json\/wp\/v2\/pages"}],"about":[{"href":"https:\/\/petervanstralen.nl\/de\/wp-json\/wp\/v2\/types\/page"}],"author":[{"embeddable":true,"href":"https:\/\/petervanstralen.nl\/de\/wp-json\/wp\/v2\/users\/2"}],"replies":[{"embeddable":true,"href":"https:\/\/petervanstralen.nl\/de\/wp-json\/wp\/v2\/comments?post=1410"}],"version-history":[{"count":3,"href":"https:\/\/petervanstralen.nl\/de\/wp-json\/wp\/v2\/pages\/1410\/revisions"}],"predecessor-version":[{"id":1414,"href":"https:\/\/petervanstralen.nl\/de\/wp-json\/wp\/v2\/pages\/1410\/revisions\/1414"}],"wp:attachment":[{"href":"https:\/\/petervanstralen.nl\/de\/wp-json\/wp\/v2\/media?parent=1410"}],"curies":[{"name":"wp","href":"https:\/\/api.w.org\/{rel}","templated":true}]}}